{"id":4569,"date":"2026-02-25T09:45:17","date_gmt":"2026-02-25T09:45:17","guid":{"rendered":"https:\/\/wittnercollectiblecars.com\/?post_type=product&#038;p=4569"},"modified":"2026-02-25T10:21:58","modified_gmt":"2026-02-25T10:21:58","slug":"vw-motor-1953","status":"publish","type":"product","link":"https:\/\/wittnercollectiblecars.com\/en\/product\/vw-motor-1953\/","title":{"rendered":"VW Engine 1953"},"content":{"rendered":"<p class=\"p1\">Original VW engine from 1953 with 30 hp and single-pipe exhaust system. The engine is offered complete with all attachments and is ready for installation. The engine is in good used condition and is ideal for a contemporary restoration, for classic Volkswagen models from the 1950s, or as an authentic replacement engine for classic car projects.<\/p>\n<p class=\"p1\"><strong>Technical data:<\/strong><br \/>\nYear of construction: 1953<br \/>\nPower: 30 HP<br \/>\nExhaust system: Single pipe<br \/>\nCondition: good used condition, complete with all components, ready for installation<\/p>","protected":false},"excerpt":{"rendered":"<p>Originaler VW Motor aus dem Jahr 1953 mit 30 PS Leistung und Einrohr-Auspuffanlage. Das Aggregat wird komplett mit allen Anbauteilen angeboten und ist einbaufertig. Der Motor befindet sich in gutem gebrauchten Zustand und eignet sich ideal f\u00fcr eine zeitgen\u00f6ssische Restaurierung, f\u00fcr klassische Volkswagen Modelle der 1950er-Jahre oder als authentisches Ersatzaggregat f\u00fcr Oldtimer-Projekte. Technische Daten: Baujahr: &hellip; <\/p>\n<p class=\"link-more\"><a href=\"https:\/\/wittnercollectiblecars.com\/en\/product\/vw-motor-1953\/\" class=\"more-link\">Read more<span class=\"screen-reader-text\"> &#8222;VW Motor 1953&#8220;<\/span><\/a><\/p>","protected":false},"featured_media":4570,"comment_status":"open","ping_status":"closed","template":"","meta":{"_themeisle_gutenberg_block_has_review":false},"product_brand":[],"product_cat":[19],"product_tag":[],"class_list":{"0":"post-4569","1":"product","2":"type-product","3":"status-publish","4":"has-post-thumbnail","6":"product_cat-uncategorized","8":"first","9":"outofstock","10":"sale","11":"shipping-taxable","12":"purchasable","13":"product-type-simple"},"yoast_head":"<!-- This site is optimized with the Yoast SEO plugin v27.4 - https:\/\/yoast.com\/product\/yoast-seo-wordpress\/ -->\n<title>VW Motor 1953 | Collectible Cars Wittner<\/title>\n<meta name=\"robots\" content=\"index, follow, max-snippet:-1, max-image-preview:large, max-video-preview:-1\" \/>\n<link rel=\"canonical\" href=\"https:\/\/wittnercollectiblecars.com\/en\/product\/vw-motor-1953\/\" \/>\n<meta property=\"og:locale\" content=\"en_US\" \/>\n<meta property=\"og:type\" content=\"article\" \/>\n<meta property=\"og:title\" content=\"VW Motor 1953 | Collectible Cars Wittner\" \/>\n<meta property=\"og:description\" content=\"Originaler VW Motor aus dem Jahr 1953 mit 30 PS Leistung und Einrohr-Auspuffanlage. Das Aggregat wird komplett mit allen Anbauteilen angeboten und ist einbaufertig. Der Motor befindet sich in gutem gebrauchten Zustand und eignet sich ideal f\u00fcr eine zeitgen\u00f6ssische Restaurierung, f\u00fcr klassische Volkswagen Modelle der 1950er-Jahre oder als authentisches Ersatzaggregat f\u00fcr Oldtimer-Projekte. Technische Daten: Baujahr: &hellip; Read more &quot;VW Motor 1953&quot;\" \/>\n<meta property=\"og:url\" content=\"https:\/\/wittnercollectiblecars.com\/en\/product\/vw-motor-1953\/\" \/>\n<meta property=\"og:site_name\" content=\"Collectible Cars Wittner\" \/>\n<meta property=\"article:publisher\" content=\"https:\/\/www.facebook.com\/search\/top?q=partscollectionwittner&amp;locale=de_DE\" \/>\n<meta property=\"article:modified_time\" content=\"2026-02-25T10:21:58+00:00\" \/>\n<meta property=\"og:image\" content=\"https:\/\/wittnercollectiblecars.com\/wp-content\/uploads\/2026\/02\/IMG_3348-scaled.jpg\" \/>\n\t<meta property=\"og:image:width\" content=\"2560\" \/>\n\t<meta property=\"og:image:height\" content=\"1920\" \/>\n\t<meta property=\"og:image:type\" content=\"image\/jpeg\" \/>\n<meta name=\"twitter:card\" content=\"summary_large_image\" \/>\n<meta name=\"twitter:label1\" content=\"Est. reading time\" \/>\n\t<meta name=\"twitter:data1\" content=\"1 minute\" \/>\n<script type=\"application\/ld+json\" class=\"yoast-schema-graph\">{\"@context\":\"https:\\\/\\\/schema.org\",\"@graph\":[{\"@type\":\"WebPage\",\"@id\":\"https:\\\/\\\/wittnercollectiblecars.com\\\/product\\\/vw-motor-1953\\\/\",\"url\":\"https:\\\/\\\/wittnercollectiblecars.com\\\/product\\\/vw-motor-1953\\\/\",\"name\":\"VW Motor 1953 | Collectible Cars Wittner\",\"isPartOf\":{\"@id\":\"https:\\\/\\\/wittnercollectiblecars.com\\\/#website\"},\"primaryImageOfPage\":{\"@id\":\"https:\\\/\\\/wittnercollectiblecars.com\\\/product\\\/vw-motor-1953\\\/#primaryimage\"},\"image\":{\"@id\":\"https:\\\/\\\/wittnercollectiblecars.com\\\/product\\\/vw-motor-1953\\\/#primaryimage\"},\"thumbnailUrl\":\"https:\\\/\\\/wittnercollectiblecars.com\\\/wp-content\\\/uploads\\\/2026\\\/02\\\/IMG_3348-scaled.jpg\",\"datePublished\":\"2026-02-25T09:45:17+00:00\",\"dateModified\":\"2026-02-25T10:21:58+00:00\",\"breadcrumb\":{\"@id\":\"https:\\\/\\\/wittnercollectiblecars.com\\\/product\\\/vw-motor-1953\\\/#breadcrumb\"},\"inLanguage\":\"en-US\",\"potentialAction\":[{\"@type\":\"ReadAction\",\"target\":[\"https:\\\/\\\/wittnercollectiblecars.com\\\/product\\\/vw-motor-1953\\\/\"]}]},{\"@type\":\"ImageObject\",\"inLanguage\":\"en-US\",\"@id\":\"https:\\\/\\\/wittnercollectiblecars.com\\\/product\\\/vw-motor-1953\\\/#primaryimage\",\"url\":\"https:\\\/\\\/wittnercollectiblecars.com\\\/wp-content\\\/uploads\\\/2026\\\/02\\\/IMG_3348-scaled.jpg\",\"contentUrl\":\"https:\\\/\\\/wittnercollectiblecars.com\\\/wp-content\\\/uploads\\\/2026\\\/02\\\/IMG_3348-scaled.jpg\",\"width\":2560,\"height\":1920},{\"@type\":\"BreadcrumbList\",\"@id\":\"https:\\\/\\\/wittnercollectiblecars.com\\\/product\\\/vw-motor-1953\\\/#breadcrumb\",\"itemListElement\":[{\"@type\":\"ListItem\",\"position\":1,\"name\":\"Startseite\",\"item\":\"https:\\\/\\\/wittnercollectiblecars.com\\\/\"},{\"@type\":\"ListItem\",\"position\":2,\"name\":\"Ersatzteile\",\"item\":\"https:\\\/\\\/wittnercollectiblecars.com\\\/ersatzteile\\\/\"},{\"@type\":\"ListItem\",\"position\":3,\"name\":\"VW Motor 1953\"}]},{\"@type\":\"WebSite\",\"@id\":\"https:\\\/\\\/wittnercollectiblecars.com\\\/#website\",\"url\":\"https:\\\/\\\/wittnercollectiblecars.com\\\/\",\"name\":\"Collectible Cars Wittner\",\"description\":\"\",\"publisher\":{\"@id\":\"https:\\\/\\\/wittnercollectiblecars.com\\\/#organization\"},\"alternateName\":\"Franz Wittner GmbH\",\"potentialAction\":[{\"@type\":\"SearchAction\",\"target\":{\"@type\":\"EntryPoint\",\"urlTemplate\":\"https:\\\/\\\/wittnercollectiblecars.com\\\/?s={search_term_string}\"},\"query-input\":{\"@type\":\"PropertyValueSpecification\",\"valueRequired\":true,\"valueName\":\"search_term_string\"}}],\"inLanguage\":\"en-US\"},{\"@type\":\"Organization\",\"@id\":\"https:\\\/\\\/wittnercollectiblecars.com\\\/#organization\",\"name\":\"Collectible Cars Wittner\",\"alternateName\":\"Franz Wittner GmbH\",\"url\":\"https:\\\/\\\/wittnercollectiblecars.com\\\/\",\"logo\":{\"@type\":\"ImageObject\",\"inLanguage\":\"en-US\",\"@id\":\"https:\\\/\\\/wittnercollectiblecars.com\\\/#\\\/schema\\\/logo\\\/image\\\/\",\"url\":\"https:\\\/\\\/wittnercollectiblecars.com\\\/wp-content\\\/uploads\\\/2024\\\/08\\\/Wittner-1.png\",\"contentUrl\":\"https:\\\/\\\/wittnercollectiblecars.com\\\/wp-content\\\/uploads\\\/2024\\\/08\\\/Wittner-1.png\",\"width\":500,\"height\":500,\"caption\":\"Collectible Cars Wittner\"},\"image\":{\"@id\":\"https:\\\/\\\/wittnercollectiblecars.com\\\/#\\\/schema\\\/logo\\\/image\\\/\"},\"sameAs\":[\"https:\\\/\\\/www.facebook.com\\\/search\\\/top?q=partscollectionwittner&locale=de_DE\",\"https:\\\/\\\/www.instagram.com\\\/partscollection\\\/\",\"https:\\\/\\\/www.linkedin.com\\\/in\\\/franz-wittner-61069770\\\/\",\"https:\\\/\\\/www.youtube.com\\\/@CollectibleCarsWittner\",\"https:\\\/\\\/www.classic-trader.com\\\/at\\\/haendler\\\/franz-wittner-gmbh\\\/99892\"]}]}<\/script>\n<!-- \/ Yoast SEO plugin. -->","yoast_head_json":{"title":"VW Motor 1953 | Collectible Cars Wittner","robots":{"index":"index","follow":"follow","max-snippet":"max-snippet:-1","max-image-preview":"max-image-preview:large","max-video-preview":"max-video-preview:-1"},"canonical":"https:\/\/wittnercollectiblecars.com\/en\/product\/vw-motor-1953\/","og_locale":"en_US","og_type":"article","og_title":"VW Motor 1953 | Collectible Cars Wittner","og_description":"Originaler VW Motor aus dem Jahr 1953 mit 30 PS Leistung und Einrohr-Auspuffanlage. Das Aggregat wird komplett mit allen Anbauteilen angeboten und ist einbaufertig. Der Motor befindet sich in gutem gebrauchten Zustand und eignet sich ideal f\u00fcr eine zeitgen\u00f6ssische Restaurierung, f\u00fcr klassische Volkswagen Modelle der 1950er-Jahre oder als authentisches Ersatzaggregat f\u00fcr Oldtimer-Projekte. Technische Daten: Baujahr: &hellip; Read more \"VW Motor 1953\"","og_url":"https:\/\/wittnercollectiblecars.com\/en\/product\/vw-motor-1953\/","og_site_name":"Collectible Cars Wittner","article_publisher":"https:\/\/www.facebook.com\/search\/top?q=partscollectionwittner&locale=de_DE","article_modified_time":"2026-02-25T10:21:58+00:00","og_image":[{"width":2560,"height":1920,"url":"https:\/\/wittnercollectiblecars.com\/wp-content\/uploads\/2026\/02\/IMG_3348-scaled.jpg","type":"image\/jpeg"}],"twitter_card":"summary_large_image","twitter_misc":{"Est. reading time":"1 minute"},"schema":{"@context":"https:\/\/schema.org","@graph":[{"@type":"WebPage","@id":"https:\/\/wittnercollectiblecars.com\/product\/vw-motor-1953\/","url":"https:\/\/wittnercollectiblecars.com\/product\/vw-motor-1953\/","name":"VW Motor 1953 | Collectible Cars Wittner","isPartOf":{"@id":"https:\/\/wittnercollectiblecars.com\/#website"},"primaryImageOfPage":{"@id":"https:\/\/wittnercollectiblecars.com\/product\/vw-motor-1953\/#primaryimage"},"image":{"@id":"https:\/\/wittnercollectiblecars.com\/product\/vw-motor-1953\/#primaryimage"},"thumbnailUrl":"https:\/\/wittnercollectiblecars.com\/wp-content\/uploads\/2026\/02\/IMG_3348-scaled.jpg","datePublished":"2026-02-25T09:45:17+00:00","dateModified":"2026-02-25T10:21:58+00:00","breadcrumb":{"@id":"https:\/\/wittnercollectiblecars.com\/product\/vw-motor-1953\/#breadcrumb"},"inLanguage":"en-US","potentialAction":[{"@type":"ReadAction","target":["https:\/\/wittnercollectiblecars.com\/product\/vw-motor-1953\/"]}]},{"@type":"ImageObject","inLanguage":"en-US","@id":"https:\/\/wittnercollectiblecars.com\/product\/vw-motor-1953\/#primaryimage","url":"https:\/\/wittnercollectiblecars.com\/wp-content\/uploads\/2026\/02\/IMG_3348-scaled.jpg","contentUrl":"https:\/\/wittnercollectiblecars.com\/wp-content\/uploads\/2026\/02\/IMG_3348-scaled.jpg","width":2560,"height":1920},{"@type":"BreadcrumbList","@id":"https:\/\/wittnercollectiblecars.com\/product\/vw-motor-1953\/#breadcrumb","itemListElement":[{"@type":"ListItem","position":1,"name":"Startseite","item":"https:\/\/wittnercollectiblecars.com\/"},{"@type":"ListItem","position":2,"name":"Ersatzteile","item":"https:\/\/wittnercollectiblecars.com\/ersatzteile\/"},{"@type":"ListItem","position":3,"name":"VW Motor 1953"}]},{"@type":"WebSite","@id":"https:\/\/wittnercollectiblecars.com\/#website","url":"https:\/\/wittnercollectiblecars.com\/","name":"Collectible Cars Wittner","description":"","publisher":{"@id":"https:\/\/wittnercollectiblecars.com\/#organization"},"alternateName":"Franz Wittner GmbH","potentialAction":[{"@type":"SearchAction","target":{"@type":"EntryPoint","urlTemplate":"https:\/\/wittnercollectiblecars.com\/?s={search_term_string}"},"query-input":{"@type":"PropertyValueSpecification","valueRequired":true,"valueName":"search_term_string"}}],"inLanguage":"en-US"},{"@type":"Organization","@id":"https:\/\/wittnercollectiblecars.com\/#organization","name":"Collectible Cars Wittner","alternateName":"Franz Wittner GmbH","url":"https:\/\/wittnercollectiblecars.com\/","logo":{"@type":"ImageObject","inLanguage":"en-US","@id":"https:\/\/wittnercollectiblecars.com\/#\/schema\/logo\/image\/","url":"https:\/\/wittnercollectiblecars.com\/wp-content\/uploads\/2024\/08\/Wittner-1.png","contentUrl":"https:\/\/wittnercollectiblecars.com\/wp-content\/uploads\/2024\/08\/Wittner-1.png","width":500,"height":500,"caption":"Collectible Cars Wittner"},"image":{"@id":"https:\/\/wittnercollectiblecars.com\/#\/schema\/logo\/image\/"},"sameAs":["https:\/\/www.facebook.com\/search\/top?q=partscollectionwittner&locale=de_DE","https:\/\/www.instagram.com\/partscollection\/","https:\/\/www.linkedin.com\/in\/franz-wittner-61069770\/","https:\/\/www.youtube.com\/@CollectibleCarsWittner","https:\/\/www.classic-trader.com\/at\/haendler\/franz-wittner-gmbh\/99892"]}]}},"_links":{"self":[{"href":"https:\/\/wittnercollectiblecars.com\/en\/wp-json\/wp\/v2\/product\/4569","targetHints":{"allow":["GET"]}}],"collection":[{"href":"https:\/\/wittnercollectiblecars.com\/en\/wp-json\/wp\/v2\/product"}],"about":[{"href":"https:\/\/wittnercollectiblecars.com\/en\/wp-json\/wp\/v2\/types\/product"}],"replies":[{"embeddable":true,"href":"https:\/\/wittnercollectiblecars.com\/en\/wp-json\/wp\/v2\/comments?post=4569"}],"wp:featuredmedia":[{"embeddable":true,"href":"https:\/\/wittnercollectiblecars.com\/en\/wp-json\/wp\/v2\/media\/4570"}],"wp:attachment":[{"href":"https:\/\/wittnercollectiblecars.com\/en\/wp-json\/wp\/v2\/media?parent=4569"}],"wp:term":[{"taxonomy":"product_brand","embeddable":true,"href":"https:\/\/wittnercollectiblecars.com\/en\/wp-json\/wp\/v2\/product_brand?post=4569"},{"taxonomy":"product_cat","embeddable":true,"href":"https:\/\/wittnercollectiblecars.com\/en\/wp-json\/wp\/v2\/product_cat?post=4569"},{"taxonomy":"product_tag","embeddable":true,"href":"https:\/\/wittnercollectiblecars.com\/en\/wp-json\/wp\/v2\/product_tag?post=4569"}],"curies":[{"name":"wp","href":"https:\/\/api.w.org\/{rel}","templated":true}]}}