{"id":2735,"date":"2025-05-09T08:03:56","date_gmt":"2025-05-09T08:03:56","guid":{"rendered":"https:\/\/wittnercollectiblecars.com\/?post_type=product&#038;p=2735"},"modified":"2025-05-20T13:38:28","modified_gmt":"2025-05-20T13:38:28","slug":"mercedes-770-k-felgen-gepanzert","status":"publish","type":"product","link":"https:\/\/wittnercollectiblecars.com\/en\/product\/mercedes-770-k-felgen-gepanzert\/","title":{"rendered":"Mercedes 770 K rims armoured"},"content":{"rendered":"<p data-start=\"172\" data-end=\"379\">For sale are extremely rare, armoured rims from the legendary Mercedes-Benz 770 K - the model that was manufactured for the highest state and representative purposes in the 1930s and 1940s.<\/p>\n<p data-start=\"381\" data-end=\"618\">These original rims come from an armoured Mercedes 770 K that was seized by US troops at Obersalzberg in 1945. They are a unique contemporary document and a testimony to historical automotive engineering at the highest level.<\/p>","protected":false},"excerpt":{"rendered":"<p>Zum Verkauf stehen \u00e4u\u00dferst seltene, gepanzerte Felgen des legend\u00e4ren Mercedes-Benz 770 K \u2013 jenes Modells, das f\u00fcr h\u00f6chste Staats- und Repr\u00e4sentationszwecke in den 1930er- und 1940er-Jahren gefertigt wurde. Diese originalen Felgen stammen von einem gepanzerten Mercedes 770 K, der 1945 von US-Truppen am Obersalzberg sichergestellt wurde. Sie sind ein einzigartiges Zeitdokument und Zeugnis historischer Automobilbaukunst &hellip; <\/p>\n<p class=\"link-more\"><a href=\"https:\/\/wittnercollectiblecars.com\/en\/product\/mercedes-770-k-felgen-gepanzert\/\" class=\"more-link\">Read more<span class=\"screen-reader-text\"> &#8222;Mercedes 770 K Felgen gepanzert&#8220;<\/span><\/a><\/p>","protected":false},"featured_media":2736,"comment_status":"open","ping_status":"closed","template":"","meta":{"_themeisle_gutenberg_block_has_review":false},"product_brand":[],"product_cat":[19],"product_tag":[],"class_list":{"0":"post-2735","1":"product","2":"type-product","3":"status-publish","4":"has-post-thumbnail","6":"product_cat-uncategorized","8":"first","9":"outofstock","10":"sale","11":"shipping-taxable","12":"purchasable","13":"product-type-simple"},"yoast_head":"<!-- This site is optimized with the Yoast SEO plugin v27.4 - https:\/\/yoast.com\/product\/yoast-seo-wordpress\/ -->\n<title>Mercedes 770 K Felgen gepanzert | Collectible Cars Wittner<\/title>\n<meta name=\"robots\" content=\"index, follow, max-snippet:-1, max-image-preview:large, max-video-preview:-1\" \/>\n<link rel=\"canonical\" href=\"https:\/\/wittnercollectiblecars.com\/en\/product\/mercedes-770-k-felgen-gepanzert\/\" \/>\n<meta property=\"og:locale\" content=\"en_US\" \/>\n<meta property=\"og:type\" content=\"article\" \/>\n<meta property=\"og:title\" content=\"Mercedes 770 K Felgen gepanzert | Collectible Cars Wittner\" \/>\n<meta property=\"og:description\" content=\"Zum Verkauf stehen \u00e4u\u00dferst seltene, gepanzerte Felgen des legend\u00e4ren Mercedes-Benz 770 K \u2013 jenes Modells, das f\u00fcr h\u00f6chste Staats- und Repr\u00e4sentationszwecke in den 1930er- und 1940er-Jahren gefertigt wurde. Diese originalen Felgen stammen von einem gepanzerten Mercedes 770 K, der 1945 von US-Truppen am Obersalzberg sichergestellt wurde. Sie sind ein einzigartiges Zeitdokument und Zeugnis historischer Automobilbaukunst &hellip; Read more &quot;Mercedes 770 K Felgen gepanzert&quot;\" \/>\n<meta property=\"og:url\" content=\"https:\/\/wittnercollectiblecars.com\/en\/product\/mercedes-770-k-felgen-gepanzert\/\" \/>\n<meta property=\"og:site_name\" content=\"Collectible Cars Wittner\" \/>\n<meta property=\"article:publisher\" content=\"https:\/\/www.facebook.com\/search\/top?q=partscollectionwittner&amp;locale=de_DE\" \/>\n<meta property=\"article:modified_time\" content=\"2025-05-20T13:38:28+00:00\" \/>\n<meta property=\"og:image\" content=\"https:\/\/wittnercollectiblecars.com\/wp-content\/uploads\/2025\/05\/IMG_8381.jpg\" \/>\n\t<meta property=\"og:image:width\" content=\"1024\" \/>\n\t<meta property=\"og:image:height\" content=\"768\" \/>\n\t<meta property=\"og:image:type\" content=\"image\/jpeg\" \/>\n<meta name=\"twitter:card\" content=\"summary_large_image\" \/>\n<meta name=\"twitter:label1\" content=\"Est. reading time\" \/>\n\t<meta name=\"twitter:data1\" content=\"1 minute\" \/>\n<script type=\"application\/ld+json\" class=\"yoast-schema-graph\">{\"@context\":\"https:\\\/\\\/schema.org\",\"@graph\":[{\"@type\":\"WebPage\",\"@id\":\"https:\\\/\\\/wittnercollectiblecars.com\\\/product\\\/mercedes-770-k-felgen-gepanzert\\\/\",\"url\":\"https:\\\/\\\/wittnercollectiblecars.com\\\/product\\\/mercedes-770-k-felgen-gepanzert\\\/\",\"name\":\"Mercedes 770 K Felgen gepanzert | Collectible Cars Wittner\",\"isPartOf\":{\"@id\":\"https:\\\/\\\/wittnercollectiblecars.com\\\/#website\"},\"primaryImageOfPage\":{\"@id\":\"https:\\\/\\\/wittnercollectiblecars.com\\\/product\\\/mercedes-770-k-felgen-gepanzert\\\/#primaryimage\"},\"image\":{\"@id\":\"https:\\\/\\\/wittnercollectiblecars.com\\\/product\\\/mercedes-770-k-felgen-gepanzert\\\/#primaryimage\"},\"thumbnailUrl\":\"https:\\\/\\\/wittnercollectiblecars.com\\\/wp-content\\\/uploads\\\/2025\\\/05\\\/IMG_8381.jpg\",\"datePublished\":\"2025-05-09T08:03:56+00:00\",\"dateModified\":\"2025-05-20T13:38:28+00:00\",\"breadcrumb\":{\"@id\":\"https:\\\/\\\/wittnercollectiblecars.com\\\/product\\\/mercedes-770-k-felgen-gepanzert\\\/#breadcrumb\"},\"inLanguage\":\"en-US\",\"potentialAction\":[{\"@type\":\"ReadAction\",\"target\":[\"https:\\\/\\\/wittnercollectiblecars.com\\\/product\\\/mercedes-770-k-felgen-gepanzert\\\/\"]}]},{\"@type\":\"ImageObject\",\"inLanguage\":\"en-US\",\"@id\":\"https:\\\/\\\/wittnercollectiblecars.com\\\/product\\\/mercedes-770-k-felgen-gepanzert\\\/#primaryimage\",\"url\":\"https:\\\/\\\/wittnercollectiblecars.com\\\/wp-content\\\/uploads\\\/2025\\\/05\\\/IMG_8381.jpg\",\"contentUrl\":\"https:\\\/\\\/wittnercollectiblecars.com\\\/wp-content\\\/uploads\\\/2025\\\/05\\\/IMG_8381.jpg\",\"width\":1024,\"height\":768},{\"@type\":\"BreadcrumbList\",\"@id\":\"https:\\\/\\\/wittnercollectiblecars.com\\\/product\\\/mercedes-770-k-felgen-gepanzert\\\/#breadcrumb\",\"itemListElement\":[{\"@type\":\"ListItem\",\"position\":1,\"name\":\"Startseite\",\"item\":\"https:\\\/\\\/wittnercollectiblecars.com\\\/\"},{\"@type\":\"ListItem\",\"position\":2,\"name\":\"Ersatzteile\",\"item\":\"https:\\\/\\\/wittnercollectiblecars.com\\\/ersatzteile\\\/\"},{\"@type\":\"ListItem\",\"position\":3,\"name\":\"Mercedes 770 K Felgen gepanzert\"}]},{\"@type\":\"WebSite\",\"@id\":\"https:\\\/\\\/wittnercollectiblecars.com\\\/#website\",\"url\":\"https:\\\/\\\/wittnercollectiblecars.com\\\/\",\"name\":\"Collectible Cars Wittner\",\"description\":\"\",\"publisher\":{\"@id\":\"https:\\\/\\\/wittnercollectiblecars.com\\\/#organization\"},\"alternateName\":\"Franz Wittner GmbH\",\"potentialAction\":[{\"@type\":\"SearchAction\",\"target\":{\"@type\":\"EntryPoint\",\"urlTemplate\":\"https:\\\/\\\/wittnercollectiblecars.com\\\/?s={search_term_string}\"},\"query-input\":{\"@type\":\"PropertyValueSpecification\",\"valueRequired\":true,\"valueName\":\"search_term_string\"}}],\"inLanguage\":\"en-US\"},{\"@type\":\"Organization\",\"@id\":\"https:\\\/\\\/wittnercollectiblecars.com\\\/#organization\",\"name\":\"Collectible Cars Wittner\",\"alternateName\":\"Franz Wittner GmbH\",\"url\":\"https:\\\/\\\/wittnercollectiblecars.com\\\/\",\"logo\":{\"@type\":\"ImageObject\",\"inLanguage\":\"en-US\",\"@id\":\"https:\\\/\\\/wittnercollectiblecars.com\\\/#\\\/schema\\\/logo\\\/image\\\/\",\"url\":\"https:\\\/\\\/wittnercollectiblecars.com\\\/wp-content\\\/uploads\\\/2024\\\/08\\\/Wittner-1.png\",\"contentUrl\":\"https:\\\/\\\/wittnercollectiblecars.com\\\/wp-content\\\/uploads\\\/2024\\\/08\\\/Wittner-1.png\",\"width\":500,\"height\":500,\"caption\":\"Collectible Cars Wittner\"},\"image\":{\"@id\":\"https:\\\/\\\/wittnercollectiblecars.com\\\/#\\\/schema\\\/logo\\\/image\\\/\"},\"sameAs\":[\"https:\\\/\\\/www.facebook.com\\\/search\\\/top?q=partscollectionwittner&locale=de_DE\",\"https:\\\/\\\/www.instagram.com\\\/partscollection\\\/\",\"https:\\\/\\\/www.linkedin.com\\\/in\\\/franz-wittner-61069770\\\/\",\"https:\\\/\\\/www.youtube.com\\\/@CollectibleCarsWittner\",\"https:\\\/\\\/www.classic-trader.com\\\/at\\\/haendler\\\/franz-wittner-gmbh\\\/99892\"]}]}<\/script>\n<!-- \/ Yoast SEO plugin. -->","yoast_head_json":{"title":"Mercedes 770 K Felgen gepanzert | Collectible Cars Wittner","robots":{"index":"index","follow":"follow","max-snippet":"max-snippet:-1","max-image-preview":"max-image-preview:large","max-video-preview":"max-video-preview:-1"},"canonical":"https:\/\/wittnercollectiblecars.com\/en\/product\/mercedes-770-k-felgen-gepanzert\/","og_locale":"en_US","og_type":"article","og_title":"Mercedes 770 K Felgen gepanzert | Collectible Cars Wittner","og_description":"Zum Verkauf stehen \u00e4u\u00dferst seltene, gepanzerte Felgen des legend\u00e4ren Mercedes-Benz 770 K \u2013 jenes Modells, das f\u00fcr h\u00f6chste Staats- und Repr\u00e4sentationszwecke in den 1930er- und 1940er-Jahren gefertigt wurde. Diese originalen Felgen stammen von einem gepanzerten Mercedes 770 K, der 1945 von US-Truppen am Obersalzberg sichergestellt wurde. Sie sind ein einzigartiges Zeitdokument und Zeugnis historischer Automobilbaukunst &hellip; Read more \"Mercedes 770 K Felgen gepanzert\"","og_url":"https:\/\/wittnercollectiblecars.com\/en\/product\/mercedes-770-k-felgen-gepanzert\/","og_site_name":"Collectible Cars Wittner","article_publisher":"https:\/\/www.facebook.com\/search\/top?q=partscollectionwittner&locale=de_DE","article_modified_time":"2025-05-20T13:38:28+00:00","og_image":[{"width":1024,"height":768,"url":"https:\/\/wittnercollectiblecars.com\/wp-content\/uploads\/2025\/05\/IMG_8381.jpg","type":"image\/jpeg"}],"twitter_card":"summary_large_image","twitter_misc":{"Est. reading time":"1 minute"},"schema":{"@context":"https:\/\/schema.org","@graph":[{"@type":"WebPage","@id":"https:\/\/wittnercollectiblecars.com\/product\/mercedes-770-k-felgen-gepanzert\/","url":"https:\/\/wittnercollectiblecars.com\/product\/mercedes-770-k-felgen-gepanzert\/","name":"Mercedes 770 K Felgen gepanzert | Collectible Cars Wittner","isPartOf":{"@id":"https:\/\/wittnercollectiblecars.com\/#website"},"primaryImageOfPage":{"@id":"https:\/\/wittnercollectiblecars.com\/product\/mercedes-770-k-felgen-gepanzert\/#primaryimage"},"image":{"@id":"https:\/\/wittnercollectiblecars.com\/product\/mercedes-770-k-felgen-gepanzert\/#primaryimage"},"thumbnailUrl":"https:\/\/wittnercollectiblecars.com\/wp-content\/uploads\/2025\/05\/IMG_8381.jpg","datePublished":"2025-05-09T08:03:56+00:00","dateModified":"2025-05-20T13:38:28+00:00","breadcrumb":{"@id":"https:\/\/wittnercollectiblecars.com\/product\/mercedes-770-k-felgen-gepanzert\/#breadcrumb"},"inLanguage":"en-US","potentialAction":[{"@type":"ReadAction","target":["https:\/\/wittnercollectiblecars.com\/product\/mercedes-770-k-felgen-gepanzert\/"]}]},{"@type":"ImageObject","inLanguage":"en-US","@id":"https:\/\/wittnercollectiblecars.com\/product\/mercedes-770-k-felgen-gepanzert\/#primaryimage","url":"https:\/\/wittnercollectiblecars.com\/wp-content\/uploads\/2025\/05\/IMG_8381.jpg","contentUrl":"https:\/\/wittnercollectiblecars.com\/wp-content\/uploads\/2025\/05\/IMG_8381.jpg","width":1024,"height":768},{"@type":"BreadcrumbList","@id":"https:\/\/wittnercollectiblecars.com\/product\/mercedes-770-k-felgen-gepanzert\/#breadcrumb","itemListElement":[{"@type":"ListItem","position":1,"name":"Startseite","item":"https:\/\/wittnercollectiblecars.com\/"},{"@type":"ListItem","position":2,"name":"Ersatzteile","item":"https:\/\/wittnercollectiblecars.com\/ersatzteile\/"},{"@type":"ListItem","position":3,"name":"Mercedes 770 K Felgen gepanzert"}]},{"@type":"WebSite","@id":"https:\/\/wittnercollectiblecars.com\/#website","url":"https:\/\/wittnercollectiblecars.com\/","name":"Collectible Cars Wittner","description":"","publisher":{"@id":"https:\/\/wittnercollectiblecars.com\/#organization"},"alternateName":"Franz Wittner GmbH","potentialAction":[{"@type":"SearchAction","target":{"@type":"EntryPoint","urlTemplate":"https:\/\/wittnercollectiblecars.com\/?s={search_term_string}"},"query-input":{"@type":"PropertyValueSpecification","valueRequired":true,"valueName":"search_term_string"}}],"inLanguage":"en-US"},{"@type":"Organization","@id":"https:\/\/wittnercollectiblecars.com\/#organization","name":"Collectible Cars Wittner","alternateName":"Franz Wittner GmbH","url":"https:\/\/wittnercollectiblecars.com\/","logo":{"@type":"ImageObject","inLanguage":"en-US","@id":"https:\/\/wittnercollectiblecars.com\/#\/schema\/logo\/image\/","url":"https:\/\/wittnercollectiblecars.com\/wp-content\/uploads\/2024\/08\/Wittner-1.png","contentUrl":"https:\/\/wittnercollectiblecars.com\/wp-content\/uploads\/2024\/08\/Wittner-1.png","width":500,"height":500,"caption":"Collectible Cars Wittner"},"image":{"@id":"https:\/\/wittnercollectiblecars.com\/#\/schema\/logo\/image\/"},"sameAs":["https:\/\/www.facebook.com\/search\/top?q=partscollectionwittner&locale=de_DE","https:\/\/www.instagram.com\/partscollection\/","https:\/\/www.linkedin.com\/in\/franz-wittner-61069770\/","https:\/\/www.youtube.com\/@CollectibleCarsWittner","https:\/\/www.classic-trader.com\/at\/haendler\/franz-wittner-gmbh\/99892"]}]}},"_links":{"self":[{"href":"https:\/\/wittnercollectiblecars.com\/en\/wp-json\/wp\/v2\/product\/2735","targetHints":{"allow":["GET"]}}],"collection":[{"href":"https:\/\/wittnercollectiblecars.com\/en\/wp-json\/wp\/v2\/product"}],"about":[{"href":"https:\/\/wittnercollectiblecars.com\/en\/wp-json\/wp\/v2\/types\/product"}],"replies":[{"embeddable":true,"href":"https:\/\/wittnercollectiblecars.com\/en\/wp-json\/wp\/v2\/comments?post=2735"}],"wp:featuredmedia":[{"embeddable":true,"href":"https:\/\/wittnercollectiblecars.com\/en\/wp-json\/wp\/v2\/media\/2736"}],"wp:attachment":[{"href":"https:\/\/wittnercollectiblecars.com\/en\/wp-json\/wp\/v2\/media?parent=2735"}],"wp:term":[{"taxonomy":"product_brand","embeddable":true,"href":"https:\/\/wittnercollectiblecars.com\/en\/wp-json\/wp\/v2\/product_brand?post=2735"},{"taxonomy":"product_cat","embeddable":true,"href":"https:\/\/wittnercollectiblecars.com\/en\/wp-json\/wp\/v2\/product_cat?post=2735"},{"taxonomy":"product_tag","embeddable":true,"href":"https:\/\/wittnercollectiblecars.com\/en\/wp-json\/wp\/v2\/product_tag?post=2735"}],"curies":[{"name":"wp","href":"https:\/\/api.w.org\/{rel}","templated":true}]}}