{"id":1764,"date":"2024-06-22T13:25:07","date_gmt":"2024-06-22T13:25:07","guid":{"rendered":"https:\/\/wittnercollectiblecars.com\/?post_type=product&#038;p=1764"},"modified":"2025-05-20T13:41:05","modified_gmt":"2025-05-20T13:41:05","slug":"chevrolet-327-motor","status":"publish","type":"product","link":"https:\/\/wittnercollectiblecars.com\/en\/product\/chevrolet-327-motor\/","title":{"rendered":"Chevrolet 327 V8-engine (5,4 liters)"},"content":{"rendered":"<p data-start=\"165\" data-end=\"346\">On offer is an original <strong data-start=\"195\" data-end=\"232\">Chevrolet 327 Cubic Inch V8 engine<\/strong> (5.4 litres) from a <strong data-start=\"255\" data-end=\"289\">1966 Corvette<\/strong> - an icon of American sports car history.<\/p>\n<p data-start=\"348\" data-end=\"642\">The engine is in need <strong data-start=\"381\" data-end=\"437\">of overhaul but is in good condition<\/strong> and therefore offers an excellent basis for a professional overhaul. Ideal for faithful restorations, performance projects or classic conversions in the style of the golden muscle car era.<\/p>","protected":false},"excerpt":{"rendered":"<p>Angeboten wird ein originaler Chevrolet 327 Cubic Inch V8-Motor (5,4 Liter) aus einer Corvette des Modelljahres 1966 \u2013 einer Ikone der amerikanischen Sportwagengeschichte. Der Motor befindet sich in einem \u00fcberholungsbed\u00fcrftigen, aber substanzstarken Zustand und bietet somit eine hervorragende Grundlage f\u00fcr eine fachgerechte Revision. Ideal f\u00fcr originalgetreue Restaurationen, Performance-Projekte oder klassische Umbauten im Stil der goldenen &hellip; <\/p>\n<p class=\"link-more\"><a href=\"https:\/\/wittnercollectiblecars.com\/en\/product\/chevrolet-327-motor\/\" class=\"more-link\">Read more<span class=\"screen-reader-text\"> &#8222;Chevrolet 327 V8-Motor (5,4 Liter)&#8220;<\/span><\/a><\/p>","protected":false},"featured_media":1765,"comment_status":"open","ping_status":"closed","template":"","meta":{"_themeisle_gutenberg_block_has_review":false},"product_brand":[],"product_cat":[19],"product_tag":[],"class_list":{"0":"post-1764","1":"product","2":"type-product","3":"status-publish","4":"has-post-thumbnail","6":"product_cat-uncategorized","8":"first","9":"outofstock","10":"sale","11":"shipping-taxable","12":"purchasable","13":"product-type-simple"},"yoast_head":"<!-- This site is optimized with the Yoast SEO plugin v27.4 - https:\/\/yoast.com\/product\/yoast-seo-wordpress\/ -->\n<title>Chevrolet 327 V8-Motor (5,4 Liter) | Collectible Cars Wittner<\/title>\n<meta name=\"robots\" content=\"index, follow, max-snippet:-1, max-image-preview:large, max-video-preview:-1\" \/>\n<link rel=\"canonical\" href=\"https:\/\/wittnercollectiblecars.com\/en\/product\/chevrolet-327-motor\/\" \/>\n<meta property=\"og:locale\" content=\"en_US\" \/>\n<meta property=\"og:type\" content=\"article\" \/>\n<meta property=\"og:title\" content=\"Chevrolet 327 V8-Motor (5,4 Liter) | Collectible Cars Wittner\" \/>\n<meta property=\"og:description\" content=\"Angeboten wird ein originaler Chevrolet 327 Cubic Inch V8-Motor (5,4 Liter) aus einer Corvette des Modelljahres 1966 \u2013 einer Ikone der amerikanischen Sportwagengeschichte. Der Motor befindet sich in einem \u00fcberholungsbed\u00fcrftigen, aber substanzstarken Zustand und bietet somit eine hervorragende Grundlage f\u00fcr eine fachgerechte Revision. Ideal f\u00fcr originalgetreue Restaurationen, Performance-Projekte oder klassische Umbauten im Stil der goldenen &hellip; Read more &quot;Chevrolet 327 V8-Motor (5,4 Liter)&quot;\" \/>\n<meta property=\"og:url\" content=\"https:\/\/wittnercollectiblecars.com\/en\/product\/chevrolet-327-motor\/\" \/>\n<meta property=\"og:site_name\" content=\"Collectible Cars Wittner\" \/>\n<meta property=\"article:publisher\" content=\"https:\/\/www.facebook.com\/search\/top?q=partscollectionwittner&amp;locale=de_DE\" \/>\n<meta property=\"article:modified_time\" content=\"2025-05-20T13:41:05+00:00\" \/>\n<meta property=\"og:image\" content=\"https:\/\/wittnercollectiblecars.com\/wp-content\/uploads\/2024\/06\/IMG_3343.jpg\" \/>\n\t<meta property=\"og:image:width\" content=\"1024\" \/>\n\t<meta property=\"og:image:height\" content=\"768\" \/>\n\t<meta property=\"og:image:type\" content=\"image\/jpeg\" \/>\n<meta name=\"twitter:card\" content=\"summary_large_image\" \/>\n<meta name=\"twitter:label1\" content=\"Est. reading time\" \/>\n\t<meta name=\"twitter:data1\" content=\"1 minute\" \/>\n<script type=\"application\/ld+json\" class=\"yoast-schema-graph\">{\"@context\":\"https:\\\/\\\/schema.org\",\"@graph\":[{\"@type\":\"WebPage\",\"@id\":\"https:\\\/\\\/wittnercollectiblecars.com\\\/product\\\/chevrolet-327-motor\\\/\",\"url\":\"https:\\\/\\\/wittnercollectiblecars.com\\\/product\\\/chevrolet-327-motor\\\/\",\"name\":\"Chevrolet 327 V8-Motor (5,4 Liter) | Collectible Cars Wittner\",\"isPartOf\":{\"@id\":\"https:\\\/\\\/wittnercollectiblecars.com\\\/#website\"},\"primaryImageOfPage\":{\"@id\":\"https:\\\/\\\/wittnercollectiblecars.com\\\/product\\\/chevrolet-327-motor\\\/#primaryimage\"},\"image\":{\"@id\":\"https:\\\/\\\/wittnercollectiblecars.com\\\/product\\\/chevrolet-327-motor\\\/#primaryimage\"},\"thumbnailUrl\":\"https:\\\/\\\/wittnercollectiblecars.com\\\/wp-content\\\/uploads\\\/2024\\\/06\\\/IMG_3343.jpg\",\"datePublished\":\"2024-06-22T13:25:07+00:00\",\"dateModified\":\"2025-05-20T13:41:05+00:00\",\"breadcrumb\":{\"@id\":\"https:\\\/\\\/wittnercollectiblecars.com\\\/product\\\/chevrolet-327-motor\\\/#breadcrumb\"},\"inLanguage\":\"en-US\",\"potentialAction\":[{\"@type\":\"ReadAction\",\"target\":[\"https:\\\/\\\/wittnercollectiblecars.com\\\/product\\\/chevrolet-327-motor\\\/\"]}]},{\"@type\":\"ImageObject\",\"inLanguage\":\"en-US\",\"@id\":\"https:\\\/\\\/wittnercollectiblecars.com\\\/product\\\/chevrolet-327-motor\\\/#primaryimage\",\"url\":\"https:\\\/\\\/wittnercollectiblecars.com\\\/wp-content\\\/uploads\\\/2024\\\/06\\\/IMG_3343.jpg\",\"contentUrl\":\"https:\\\/\\\/wittnercollectiblecars.com\\\/wp-content\\\/uploads\\\/2024\\\/06\\\/IMG_3343.jpg\",\"width\":1024,\"height\":768},{\"@type\":\"BreadcrumbList\",\"@id\":\"https:\\\/\\\/wittnercollectiblecars.com\\\/product\\\/chevrolet-327-motor\\\/#breadcrumb\",\"itemListElement\":[{\"@type\":\"ListItem\",\"position\":1,\"name\":\"Startseite\",\"item\":\"https:\\\/\\\/wittnercollectiblecars.com\\\/\"},{\"@type\":\"ListItem\",\"position\":2,\"name\":\"Ersatzteile\",\"item\":\"https:\\\/\\\/wittnercollectiblecars.com\\\/ersatzteile\\\/\"},{\"@type\":\"ListItem\",\"position\":3,\"name\":\"Chevrolet 327 V8-Motor (5,4 Liter)\"}]},{\"@type\":\"WebSite\",\"@id\":\"https:\\\/\\\/wittnercollectiblecars.com\\\/#website\",\"url\":\"https:\\\/\\\/wittnercollectiblecars.com\\\/\",\"name\":\"Collectible Cars Wittner\",\"description\":\"\",\"publisher\":{\"@id\":\"https:\\\/\\\/wittnercollectiblecars.com\\\/#organization\"},\"alternateName\":\"Franz Wittner GmbH\",\"potentialAction\":[{\"@type\":\"SearchAction\",\"target\":{\"@type\":\"EntryPoint\",\"urlTemplate\":\"https:\\\/\\\/wittnercollectiblecars.com\\\/?s={search_term_string}\"},\"query-input\":{\"@type\":\"PropertyValueSpecification\",\"valueRequired\":true,\"valueName\":\"search_term_string\"}}],\"inLanguage\":\"en-US\"},{\"@type\":\"Organization\",\"@id\":\"https:\\\/\\\/wittnercollectiblecars.com\\\/#organization\",\"name\":\"Collectible Cars Wittner\",\"alternateName\":\"Franz Wittner GmbH\",\"url\":\"https:\\\/\\\/wittnercollectiblecars.com\\\/\",\"logo\":{\"@type\":\"ImageObject\",\"inLanguage\":\"en-US\",\"@id\":\"https:\\\/\\\/wittnercollectiblecars.com\\\/#\\\/schema\\\/logo\\\/image\\\/\",\"url\":\"https:\\\/\\\/wittnercollectiblecars.com\\\/wp-content\\\/uploads\\\/2024\\\/08\\\/Wittner-1.png\",\"contentUrl\":\"https:\\\/\\\/wittnercollectiblecars.com\\\/wp-content\\\/uploads\\\/2024\\\/08\\\/Wittner-1.png\",\"width\":500,\"height\":500,\"caption\":\"Collectible Cars Wittner\"},\"image\":{\"@id\":\"https:\\\/\\\/wittnercollectiblecars.com\\\/#\\\/schema\\\/logo\\\/image\\\/\"},\"sameAs\":[\"https:\\\/\\\/www.facebook.com\\\/search\\\/top?q=partscollectionwittner&locale=de_DE\",\"https:\\\/\\\/www.instagram.com\\\/partscollection\\\/\",\"https:\\\/\\\/www.linkedin.com\\\/in\\\/franz-wittner-61069770\\\/\",\"https:\\\/\\\/www.youtube.com\\\/@CollectibleCarsWittner\",\"https:\\\/\\\/www.classic-trader.com\\\/at\\\/haendler\\\/franz-wittner-gmbh\\\/99892\"]}]}<\/script>\n<!-- \/ Yoast SEO plugin. -->","yoast_head_json":{"title":"Chevrolet 327 V8-Motor (5,4 Liter) | Collectible Cars Wittner","robots":{"index":"index","follow":"follow","max-snippet":"max-snippet:-1","max-image-preview":"max-image-preview:large","max-video-preview":"max-video-preview:-1"},"canonical":"https:\/\/wittnercollectiblecars.com\/en\/product\/chevrolet-327-motor\/","og_locale":"en_US","og_type":"article","og_title":"Chevrolet 327 V8-Motor (5,4 Liter) | Collectible Cars Wittner","og_description":"Angeboten wird ein originaler Chevrolet 327 Cubic Inch V8-Motor (5,4 Liter) aus einer Corvette des Modelljahres 1966 \u2013 einer Ikone der amerikanischen Sportwagengeschichte. Der Motor befindet sich in einem \u00fcberholungsbed\u00fcrftigen, aber substanzstarken Zustand und bietet somit eine hervorragende Grundlage f\u00fcr eine fachgerechte Revision. Ideal f\u00fcr originalgetreue Restaurationen, Performance-Projekte oder klassische Umbauten im Stil der goldenen &hellip; Read more \"Chevrolet 327 V8-Motor (5,4 Liter)\"","og_url":"https:\/\/wittnercollectiblecars.com\/en\/product\/chevrolet-327-motor\/","og_site_name":"Collectible Cars Wittner","article_publisher":"https:\/\/www.facebook.com\/search\/top?q=partscollectionwittner&locale=de_DE","article_modified_time":"2025-05-20T13:41:05+00:00","og_image":[{"width":1024,"height":768,"url":"https:\/\/wittnercollectiblecars.com\/wp-content\/uploads\/2024\/06\/IMG_3343.jpg","type":"image\/jpeg"}],"twitter_card":"summary_large_image","twitter_misc":{"Est. reading time":"1 minute"},"schema":{"@context":"https:\/\/schema.org","@graph":[{"@type":"WebPage","@id":"https:\/\/wittnercollectiblecars.com\/product\/chevrolet-327-motor\/","url":"https:\/\/wittnercollectiblecars.com\/product\/chevrolet-327-motor\/","name":"Chevrolet 327 V8-Motor (5,4 Liter) | Collectible Cars Wittner","isPartOf":{"@id":"https:\/\/wittnercollectiblecars.com\/#website"},"primaryImageOfPage":{"@id":"https:\/\/wittnercollectiblecars.com\/product\/chevrolet-327-motor\/#primaryimage"},"image":{"@id":"https:\/\/wittnercollectiblecars.com\/product\/chevrolet-327-motor\/#primaryimage"},"thumbnailUrl":"https:\/\/wittnercollectiblecars.com\/wp-content\/uploads\/2024\/06\/IMG_3343.jpg","datePublished":"2024-06-22T13:25:07+00:00","dateModified":"2025-05-20T13:41:05+00:00","breadcrumb":{"@id":"https:\/\/wittnercollectiblecars.com\/product\/chevrolet-327-motor\/#breadcrumb"},"inLanguage":"en-US","potentialAction":[{"@type":"ReadAction","target":["https:\/\/wittnercollectiblecars.com\/product\/chevrolet-327-motor\/"]}]},{"@type":"ImageObject","inLanguage":"en-US","@id":"https:\/\/wittnercollectiblecars.com\/product\/chevrolet-327-motor\/#primaryimage","url":"https:\/\/wittnercollectiblecars.com\/wp-content\/uploads\/2024\/06\/IMG_3343.jpg","contentUrl":"https:\/\/wittnercollectiblecars.com\/wp-content\/uploads\/2024\/06\/IMG_3343.jpg","width":1024,"height":768},{"@type":"BreadcrumbList","@id":"https:\/\/wittnercollectiblecars.com\/product\/chevrolet-327-motor\/#breadcrumb","itemListElement":[{"@type":"ListItem","position":1,"name":"Startseite","item":"https:\/\/wittnercollectiblecars.com\/"},{"@type":"ListItem","position":2,"name":"Ersatzteile","item":"https:\/\/wittnercollectiblecars.com\/ersatzteile\/"},{"@type":"ListItem","position":3,"name":"Chevrolet 327 V8-Motor (5,4 Liter)"}]},{"@type":"WebSite","@id":"https:\/\/wittnercollectiblecars.com\/#website","url":"https:\/\/wittnercollectiblecars.com\/","name":"Collectible Cars Wittner","description":"","publisher":{"@id":"https:\/\/wittnercollectiblecars.com\/#organization"},"alternateName":"Franz Wittner GmbH","potentialAction":[{"@type":"SearchAction","target":{"@type":"EntryPoint","urlTemplate":"https:\/\/wittnercollectiblecars.com\/?s={search_term_string}"},"query-input":{"@type":"PropertyValueSpecification","valueRequired":true,"valueName":"search_term_string"}}],"inLanguage":"en-US"},{"@type":"Organization","@id":"https:\/\/wittnercollectiblecars.com\/#organization","name":"Collectible Cars Wittner","alternateName":"Franz Wittner GmbH","url":"https:\/\/wittnercollectiblecars.com\/","logo":{"@type":"ImageObject","inLanguage":"en-US","@id":"https:\/\/wittnercollectiblecars.com\/#\/schema\/logo\/image\/","url":"https:\/\/wittnercollectiblecars.com\/wp-content\/uploads\/2024\/08\/Wittner-1.png","contentUrl":"https:\/\/wittnercollectiblecars.com\/wp-content\/uploads\/2024\/08\/Wittner-1.png","width":500,"height":500,"caption":"Collectible Cars Wittner"},"image":{"@id":"https:\/\/wittnercollectiblecars.com\/#\/schema\/logo\/image\/"},"sameAs":["https:\/\/www.facebook.com\/search\/top?q=partscollectionwittner&locale=de_DE","https:\/\/www.instagram.com\/partscollection\/","https:\/\/www.linkedin.com\/in\/franz-wittner-61069770\/","https:\/\/www.youtube.com\/@CollectibleCarsWittner","https:\/\/www.classic-trader.com\/at\/haendler\/franz-wittner-gmbh\/99892"]}]}},"_links":{"self":[{"href":"https:\/\/wittnercollectiblecars.com\/en\/wp-json\/wp\/v2\/product\/1764","targetHints":{"allow":["GET"]}}],"collection":[{"href":"https:\/\/wittnercollectiblecars.com\/en\/wp-json\/wp\/v2\/product"}],"about":[{"href":"https:\/\/wittnercollectiblecars.com\/en\/wp-json\/wp\/v2\/types\/product"}],"replies":[{"embeddable":true,"href":"https:\/\/wittnercollectiblecars.com\/en\/wp-json\/wp\/v2\/comments?post=1764"}],"wp:featuredmedia":[{"embeddable":true,"href":"https:\/\/wittnercollectiblecars.com\/en\/wp-json\/wp\/v2\/media\/1765"}],"wp:attachment":[{"href":"https:\/\/wittnercollectiblecars.com\/en\/wp-json\/wp\/v2\/media?parent=1764"}],"wp:term":[{"taxonomy":"product_brand","embeddable":true,"href":"https:\/\/wittnercollectiblecars.com\/en\/wp-json\/wp\/v2\/product_brand?post=1764"},{"taxonomy":"product_cat","embeddable":true,"href":"https:\/\/wittnercollectiblecars.com\/en\/wp-json\/wp\/v2\/product_cat?post=1764"},{"taxonomy":"product_tag","embeddable":true,"href":"https:\/\/wittnercollectiblecars.com\/en\/wp-json\/wp\/v2\/product_tag?post=1764"}],"curies":[{"name":"wp","href":"https:\/\/api.w.org\/{rel}","templated":true}]}}