{"id":1662,"date":"2024-06-01T15:07:16","date_gmt":"2024-06-01T15:07:16","guid":{"rendered":"https:\/\/wittnercollectiblecars.com\/?post_type=product&#038;p=1662"},"modified":"2025-05-09T09:57:58","modified_gmt":"2025-05-09T09:57:58","slug":"maserati-3200-gt-auspuffkruemmer","status":"publish","type":"product","link":"https:\/\/wittnercollectiblecars.com\/en\/product\/maserati-3200-gt-auspuffkruemmer\/","title":{"rendered":"Maserati 3200 GT exhaust manifold"},"content":{"rendered":"<p data-start=\"168\" data-end=\"281\">For sale is a pair of <strong data-start=\"195\" data-end=\"248\">original exhaust manifolds for the Maserati 3200 GT<\/strong>, also known as the \u2018Boomerang\u2019.<\/p>\n<p data-start=\"283\" data-end=\"467\">One of the two manifolds has been professionally welded and is technically flawless and fully functional. The second manifold is in its <strong data-start=\"430\" data-end=\"464\">original, crack-free condition.<\/strong>.<\/p>","protected":false},"excerpt":{"rendered":"<p>Zum Verkauf steht ein Paar originale Auspuffkr\u00fcmmer f\u00fcr den Maserati 3200 GT, auch bekannt als \u201eBoomerang\u201c. Einer der beiden Kr\u00fcmmer wurde fachgerecht geschwei\u00dft und ist technisch einwandfrei und voll funktionst\u00fcchtig. Der zweite Kr\u00fcmmer befindet sich im originalen, rissfreien Zustand.<\/p>","protected":false},"featured_media":1663,"comment_status":"open","ping_status":"closed","template":"","meta":{"_themeisle_gutenberg_block_has_review":false},"product_brand":[],"product_cat":[19],"product_tag":[],"class_list":{"0":"post-1662","1":"product","2":"type-product","3":"status-publish","4":"has-post-thumbnail","6":"product_cat-uncategorized","8":"first","9":"outofstock","10":"sale","11":"shipping-taxable","12":"purchasable","13":"product-type-simple"},"yoast_head":"<!-- This site is optimized with the Yoast SEO plugin v27.4 - https:\/\/yoast.com\/product\/yoast-seo-wordpress\/ -->\n<title>Maserati 3200 GT Auspuffkr\u00fcmmer | Collectible Cars Wittner<\/title>\n<meta name=\"robots\" content=\"index, follow, max-snippet:-1, max-image-preview:large, max-video-preview:-1\" \/>\n<link rel=\"canonical\" href=\"https:\/\/wittnercollectiblecars.com\/en\/product\/maserati-3200-gt-auspuffkruemmer\/\" \/>\n<meta property=\"og:locale\" content=\"en_US\" \/>\n<meta property=\"og:type\" content=\"article\" \/>\n<meta property=\"og:title\" content=\"Maserati 3200 GT Auspuffkr\u00fcmmer | Collectible Cars Wittner\" \/>\n<meta property=\"og:description\" content=\"Zum Verkauf steht ein Paar originale Auspuffkr\u00fcmmer f\u00fcr den Maserati 3200 GT, auch bekannt als \u201eBoomerang\u201c. Einer der beiden Kr\u00fcmmer wurde fachgerecht geschwei\u00dft und ist technisch einwandfrei und voll funktionst\u00fcchtig. Der zweite Kr\u00fcmmer befindet sich im originalen, rissfreien Zustand.\" \/>\n<meta property=\"og:url\" content=\"https:\/\/wittnercollectiblecars.com\/en\/product\/maserati-3200-gt-auspuffkruemmer\/\" \/>\n<meta property=\"og:site_name\" content=\"Collectible Cars Wittner\" \/>\n<meta property=\"article:publisher\" content=\"https:\/\/www.facebook.com\/search\/top?q=partscollectionwittner&amp;locale=de_DE\" \/>\n<meta property=\"article:modified_time\" content=\"2025-05-09T09:57:58+00:00\" \/>\n<meta property=\"og:image\" content=\"https:\/\/wittnercollectiblecars.com\/wp-content\/uploads\/2024\/06\/maserati3200_kruemmer.jpg\" \/>\n\t<meta property=\"og:image:width\" content=\"1024\" \/>\n\t<meta property=\"og:image:height\" content=\"768\" \/>\n\t<meta property=\"og:image:type\" content=\"image\/jpeg\" \/>\n<meta name=\"twitter:card\" content=\"summary_large_image\" \/>\n<meta name=\"twitter:label1\" content=\"Est. reading time\" \/>\n\t<meta name=\"twitter:data1\" content=\"1 minute\" \/>\n<script type=\"application\/ld+json\" class=\"yoast-schema-graph\">{\"@context\":\"https:\\\/\\\/schema.org\",\"@graph\":[{\"@type\":\"WebPage\",\"@id\":\"https:\\\/\\\/wittnercollectiblecars.com\\\/product\\\/maserati-3200-gt-auspuffkruemmer\\\/\",\"url\":\"https:\\\/\\\/wittnercollectiblecars.com\\\/product\\\/maserati-3200-gt-auspuffkruemmer\\\/\",\"name\":\"Maserati 3200 GT Auspuffkr\u00fcmmer | Collectible Cars Wittner\",\"isPartOf\":{\"@id\":\"https:\\\/\\\/wittnercollectiblecars.com\\\/#website\"},\"primaryImageOfPage\":{\"@id\":\"https:\\\/\\\/wittnercollectiblecars.com\\\/product\\\/maserati-3200-gt-auspuffkruemmer\\\/#primaryimage\"},\"image\":{\"@id\":\"https:\\\/\\\/wittnercollectiblecars.com\\\/product\\\/maserati-3200-gt-auspuffkruemmer\\\/#primaryimage\"},\"thumbnailUrl\":\"https:\\\/\\\/wittnercollectiblecars.com\\\/wp-content\\\/uploads\\\/2024\\\/06\\\/maserati3200_kruemmer.jpg\",\"datePublished\":\"2024-06-01T15:07:16+00:00\",\"dateModified\":\"2025-05-09T09:57:58+00:00\",\"breadcrumb\":{\"@id\":\"https:\\\/\\\/wittnercollectiblecars.com\\\/product\\\/maserati-3200-gt-auspuffkruemmer\\\/#breadcrumb\"},\"inLanguage\":\"en-US\",\"potentialAction\":[{\"@type\":\"ReadAction\",\"target\":[\"https:\\\/\\\/wittnercollectiblecars.com\\\/product\\\/maserati-3200-gt-auspuffkruemmer\\\/\"]}]},{\"@type\":\"ImageObject\",\"inLanguage\":\"en-US\",\"@id\":\"https:\\\/\\\/wittnercollectiblecars.com\\\/product\\\/maserati-3200-gt-auspuffkruemmer\\\/#primaryimage\",\"url\":\"https:\\\/\\\/wittnercollectiblecars.com\\\/wp-content\\\/uploads\\\/2024\\\/06\\\/maserati3200_kruemmer.jpg\",\"contentUrl\":\"https:\\\/\\\/wittnercollectiblecars.com\\\/wp-content\\\/uploads\\\/2024\\\/06\\\/maserati3200_kruemmer.jpg\",\"width\":1024,\"height\":768},{\"@type\":\"BreadcrumbList\",\"@id\":\"https:\\\/\\\/wittnercollectiblecars.com\\\/product\\\/maserati-3200-gt-auspuffkruemmer\\\/#breadcrumb\",\"itemListElement\":[{\"@type\":\"ListItem\",\"position\":1,\"name\":\"Startseite\",\"item\":\"https:\\\/\\\/wittnercollectiblecars.com\\\/\"},{\"@type\":\"ListItem\",\"position\":2,\"name\":\"Ersatzteile\",\"item\":\"https:\\\/\\\/wittnercollectiblecars.com\\\/ersatzteile\\\/\"},{\"@type\":\"ListItem\",\"position\":3,\"name\":\"Maserati 3200 GT Auspuffkr\u00fcmmer\"}]},{\"@type\":\"WebSite\",\"@id\":\"https:\\\/\\\/wittnercollectiblecars.com\\\/#website\",\"url\":\"https:\\\/\\\/wittnercollectiblecars.com\\\/\",\"name\":\"Collectible Cars Wittner\",\"description\":\"\",\"publisher\":{\"@id\":\"https:\\\/\\\/wittnercollectiblecars.com\\\/#organization\"},\"alternateName\":\"Franz Wittner GmbH\",\"potentialAction\":[{\"@type\":\"SearchAction\",\"target\":{\"@type\":\"EntryPoint\",\"urlTemplate\":\"https:\\\/\\\/wittnercollectiblecars.com\\\/?s={search_term_string}\"},\"query-input\":{\"@type\":\"PropertyValueSpecification\",\"valueRequired\":true,\"valueName\":\"search_term_string\"}}],\"inLanguage\":\"en-US\"},{\"@type\":\"Organization\",\"@id\":\"https:\\\/\\\/wittnercollectiblecars.com\\\/#organization\",\"name\":\"Collectible Cars Wittner\",\"alternateName\":\"Franz Wittner GmbH\",\"url\":\"https:\\\/\\\/wittnercollectiblecars.com\\\/\",\"logo\":{\"@type\":\"ImageObject\",\"inLanguage\":\"en-US\",\"@id\":\"https:\\\/\\\/wittnercollectiblecars.com\\\/#\\\/schema\\\/logo\\\/image\\\/\",\"url\":\"https:\\\/\\\/wittnercollectiblecars.com\\\/wp-content\\\/uploads\\\/2024\\\/08\\\/Wittner-1.png\",\"contentUrl\":\"https:\\\/\\\/wittnercollectiblecars.com\\\/wp-content\\\/uploads\\\/2024\\\/08\\\/Wittner-1.png\",\"width\":500,\"height\":500,\"caption\":\"Collectible Cars Wittner\"},\"image\":{\"@id\":\"https:\\\/\\\/wittnercollectiblecars.com\\\/#\\\/schema\\\/logo\\\/image\\\/\"},\"sameAs\":[\"https:\\\/\\\/www.facebook.com\\\/search\\\/top?q=partscollectionwittner&locale=de_DE\",\"https:\\\/\\\/www.instagram.com\\\/partscollection\\\/\",\"https:\\\/\\\/www.linkedin.com\\\/in\\\/franz-wittner-61069770\\\/\",\"https:\\\/\\\/www.youtube.com\\\/@CollectibleCarsWittner\",\"https:\\\/\\\/www.classic-trader.com\\\/at\\\/haendler\\\/franz-wittner-gmbh\\\/99892\"]}]}<\/script>\n<!-- \/ Yoast SEO plugin. -->","yoast_head_json":{"title":"Maserati 3200 GT Auspuffkr\u00fcmmer | Collectible Cars Wittner","robots":{"index":"index","follow":"follow","max-snippet":"max-snippet:-1","max-image-preview":"max-image-preview:large","max-video-preview":"max-video-preview:-1"},"canonical":"https:\/\/wittnercollectiblecars.com\/en\/product\/maserati-3200-gt-auspuffkruemmer\/","og_locale":"en_US","og_type":"article","og_title":"Maserati 3200 GT Auspuffkr\u00fcmmer | Collectible Cars Wittner","og_description":"Zum Verkauf steht ein Paar originale Auspuffkr\u00fcmmer f\u00fcr den Maserati 3200 GT, auch bekannt als \u201eBoomerang\u201c. Einer der beiden Kr\u00fcmmer wurde fachgerecht geschwei\u00dft und ist technisch einwandfrei und voll funktionst\u00fcchtig. Der zweite Kr\u00fcmmer befindet sich im originalen, rissfreien Zustand.","og_url":"https:\/\/wittnercollectiblecars.com\/en\/product\/maserati-3200-gt-auspuffkruemmer\/","og_site_name":"Collectible Cars Wittner","article_publisher":"https:\/\/www.facebook.com\/search\/top?q=partscollectionwittner&locale=de_DE","article_modified_time":"2025-05-09T09:57:58+00:00","og_image":[{"width":1024,"height":768,"url":"https:\/\/wittnercollectiblecars.com\/wp-content\/uploads\/2024\/06\/maserati3200_kruemmer.jpg","type":"image\/jpeg"}],"twitter_card":"summary_large_image","twitter_misc":{"Est. reading time":"1 minute"},"schema":{"@context":"https:\/\/schema.org","@graph":[{"@type":"WebPage","@id":"https:\/\/wittnercollectiblecars.com\/product\/maserati-3200-gt-auspuffkruemmer\/","url":"https:\/\/wittnercollectiblecars.com\/product\/maserati-3200-gt-auspuffkruemmer\/","name":"Maserati 3200 GT Auspuffkr\u00fcmmer | Collectible Cars Wittner","isPartOf":{"@id":"https:\/\/wittnercollectiblecars.com\/#website"},"primaryImageOfPage":{"@id":"https:\/\/wittnercollectiblecars.com\/product\/maserati-3200-gt-auspuffkruemmer\/#primaryimage"},"image":{"@id":"https:\/\/wittnercollectiblecars.com\/product\/maserati-3200-gt-auspuffkruemmer\/#primaryimage"},"thumbnailUrl":"https:\/\/wittnercollectiblecars.com\/wp-content\/uploads\/2024\/06\/maserati3200_kruemmer.jpg","datePublished":"2024-06-01T15:07:16+00:00","dateModified":"2025-05-09T09:57:58+00:00","breadcrumb":{"@id":"https:\/\/wittnercollectiblecars.com\/product\/maserati-3200-gt-auspuffkruemmer\/#breadcrumb"},"inLanguage":"en-US","potentialAction":[{"@type":"ReadAction","target":["https:\/\/wittnercollectiblecars.com\/product\/maserati-3200-gt-auspuffkruemmer\/"]}]},{"@type":"ImageObject","inLanguage":"en-US","@id":"https:\/\/wittnercollectiblecars.com\/product\/maserati-3200-gt-auspuffkruemmer\/#primaryimage","url":"https:\/\/wittnercollectiblecars.com\/wp-content\/uploads\/2024\/06\/maserati3200_kruemmer.jpg","contentUrl":"https:\/\/wittnercollectiblecars.com\/wp-content\/uploads\/2024\/06\/maserati3200_kruemmer.jpg","width":1024,"height":768},{"@type":"BreadcrumbList","@id":"https:\/\/wittnercollectiblecars.com\/product\/maserati-3200-gt-auspuffkruemmer\/#breadcrumb","itemListElement":[{"@type":"ListItem","position":1,"name":"Startseite","item":"https:\/\/wittnercollectiblecars.com\/"},{"@type":"ListItem","position":2,"name":"Ersatzteile","item":"https:\/\/wittnercollectiblecars.com\/ersatzteile\/"},{"@type":"ListItem","position":3,"name":"Maserati 3200 GT Auspuffkr\u00fcmmer"}]},{"@type":"WebSite","@id":"https:\/\/wittnercollectiblecars.com\/#website","url":"https:\/\/wittnercollectiblecars.com\/","name":"Collectible Cars Wittner","description":"","publisher":{"@id":"https:\/\/wittnercollectiblecars.com\/#organization"},"alternateName":"Franz Wittner GmbH","potentialAction":[{"@type":"SearchAction","target":{"@type":"EntryPoint","urlTemplate":"https:\/\/wittnercollectiblecars.com\/?s={search_term_string}"},"query-input":{"@type":"PropertyValueSpecification","valueRequired":true,"valueName":"search_term_string"}}],"inLanguage":"en-US"},{"@type":"Organization","@id":"https:\/\/wittnercollectiblecars.com\/#organization","name":"Collectible Cars Wittner","alternateName":"Franz Wittner GmbH","url":"https:\/\/wittnercollectiblecars.com\/","logo":{"@type":"ImageObject","inLanguage":"en-US","@id":"https:\/\/wittnercollectiblecars.com\/#\/schema\/logo\/image\/","url":"https:\/\/wittnercollectiblecars.com\/wp-content\/uploads\/2024\/08\/Wittner-1.png","contentUrl":"https:\/\/wittnercollectiblecars.com\/wp-content\/uploads\/2024\/08\/Wittner-1.png","width":500,"height":500,"caption":"Collectible Cars Wittner"},"image":{"@id":"https:\/\/wittnercollectiblecars.com\/#\/schema\/logo\/image\/"},"sameAs":["https:\/\/www.facebook.com\/search\/top?q=partscollectionwittner&locale=de_DE","https:\/\/www.instagram.com\/partscollection\/","https:\/\/www.linkedin.com\/in\/franz-wittner-61069770\/","https:\/\/www.youtube.com\/@CollectibleCarsWittner","https:\/\/www.classic-trader.com\/at\/haendler\/franz-wittner-gmbh\/99892"]}]}},"_links":{"self":[{"href":"https:\/\/wittnercollectiblecars.com\/en\/wp-json\/wp\/v2\/product\/1662","targetHints":{"allow":["GET"]}}],"collection":[{"href":"https:\/\/wittnercollectiblecars.com\/en\/wp-json\/wp\/v2\/product"}],"about":[{"href":"https:\/\/wittnercollectiblecars.com\/en\/wp-json\/wp\/v2\/types\/product"}],"replies":[{"embeddable":true,"href":"https:\/\/wittnercollectiblecars.com\/en\/wp-json\/wp\/v2\/comments?post=1662"}],"wp:featuredmedia":[{"embeddable":true,"href":"https:\/\/wittnercollectiblecars.com\/en\/wp-json\/wp\/v2\/media\/1663"}],"wp:attachment":[{"href":"https:\/\/wittnercollectiblecars.com\/en\/wp-json\/wp\/v2\/media?parent=1662"}],"wp:term":[{"taxonomy":"product_brand","embeddable":true,"href":"https:\/\/wittnercollectiblecars.com\/en\/wp-json\/wp\/v2\/product_brand?post=1662"},{"taxonomy":"product_cat","embeddable":true,"href":"https:\/\/wittnercollectiblecars.com\/en\/wp-json\/wp\/v2\/product_cat?post=1662"},{"taxonomy":"product_tag","embeddable":true,"href":"https:\/\/wittnercollectiblecars.com\/en\/wp-json\/wp\/v2\/product_tag?post=1662"}],"curies":[{"name":"wp","href":"https:\/\/api.w.org\/{rel}","templated":true}]}}