{"id":1467,"date":"2024-05-30T16:57:00","date_gmt":"2024-05-30T16:57:00","guid":{"rendered":"https:\/\/wittnercollectiblecars.com\/?post_type=product&#038;p=1467"},"modified":"2025-05-09T09:37:17","modified_gmt":"2025-05-09T09:37:17","slug":"buick-v6-turbo","status":"publish","type":"product","link":"https:\/\/wittnercollectiblecars.com\/en\/product\/buick-v6-turbo\/","title":{"rendered":"Buick V6 Turbo"},"content":{"rendered":"<p data-start=\"160\" data-end=\"301\">For sale is an original <strong data-start=\"193\" data-end=\"239\">Buick V6 Turbo engine with automatic transmission<\/strong> from 1979, including all essential add-on parts.<\/p>\n<p data-start=\"303\" data-end=\"645\">This unit was removed from an accident-damaged vehicle in the early 1980s and has since been <strong data-start=\"408\" data-end=\"443\">professionally stored in a dry place<\/strong>The engine is therefore in an exceptionally well-preserved condition and offers an ideal basis for restoration projects or the faithful reconstruction of classic US vehicles.<\/p>","protected":false},"excerpt":{"rendered":"<p>Zum Verkauf steht ein originaler Buick V6 Turbo Motor mit Automatikgetriebe aus dem Jahr 1979, inklusive aller wesentlichen Anbauteile. Dieses Aggregat wurde Anfang der 1980er-Jahre aus einem neuwertigen Unfallfahrzeug ausgebaut und seitdem fachgerecht trocken eingelagert. Der Motor befindet sich daher in einem au\u00dfergew\u00f6hnlich gut erhaltenen Zustand und bietet eine ideale Basis f\u00fcr Restaurierungsprojekte oder den &hellip; <\/p>\n<p class=\"link-more\"><a href=\"https:\/\/wittnercollectiblecars.com\/en\/product\/buick-v6-turbo\/\" class=\"more-link\">Read more<span class=\"screen-reader-text\"> &#8222;Buick V6 Turbo&#8220;<\/span><\/a><\/p>","protected":false},"featured_media":1468,"comment_status":"open","ping_status":"closed","template":"","meta":{"_themeisle_gutenberg_block_has_review":false},"product_brand":[],"product_cat":[19],"product_tag":[],"class_list":{"0":"post-1467","1":"product","2":"type-product","3":"status-publish","4":"has-post-thumbnail","6":"product_cat-uncategorized","8":"first","9":"outofstock","10":"sale","11":"shipping-taxable","12":"purchasable","13":"product-type-simple"},"yoast_head":"<!-- This site is optimized with the Yoast SEO plugin v27.4 - https:\/\/yoast.com\/product\/yoast-seo-wordpress\/ -->\n<title>Buick V6 Turbo | Collectible Cars Wittner<\/title>\n<meta name=\"robots\" content=\"index, follow, max-snippet:-1, max-image-preview:large, max-video-preview:-1\" \/>\n<link rel=\"canonical\" href=\"https:\/\/wittnercollectiblecars.com\/en\/product\/buick-v6-turbo\/\" \/>\n<meta property=\"og:locale\" content=\"en_US\" \/>\n<meta property=\"og:type\" content=\"article\" \/>\n<meta property=\"og:title\" content=\"Buick V6 Turbo | Collectible Cars Wittner\" \/>\n<meta property=\"og:description\" content=\"Zum Verkauf steht ein originaler Buick V6 Turbo Motor mit Automatikgetriebe aus dem Jahr 1979, inklusive aller wesentlichen Anbauteile. Dieses Aggregat wurde Anfang der 1980er-Jahre aus einem neuwertigen Unfallfahrzeug ausgebaut und seitdem fachgerecht trocken eingelagert. Der Motor befindet sich daher in einem au\u00dfergew\u00f6hnlich gut erhaltenen Zustand und bietet eine ideale Basis f\u00fcr Restaurierungsprojekte oder den &hellip; Read more &quot;Buick V6 Turbo&quot;\" \/>\n<meta property=\"og:url\" content=\"https:\/\/wittnercollectiblecars.com\/en\/product\/buick-v6-turbo\/\" \/>\n<meta property=\"og:site_name\" content=\"Collectible Cars Wittner\" \/>\n<meta property=\"article:publisher\" content=\"https:\/\/www.facebook.com\/search\/top?q=partscollectionwittner&amp;locale=de_DE\" \/>\n<meta property=\"article:modified_time\" content=\"2025-05-09T09:37:17+00:00\" \/>\n<meta property=\"og:image\" content=\"https:\/\/wittnercollectiblecars.com\/wp-content\/uploads\/2024\/05\/IMG_8407.jpg\" \/>\n\t<meta property=\"og:image:width\" content=\"1024\" \/>\n\t<meta property=\"og:image:height\" content=\"768\" \/>\n\t<meta property=\"og:image:type\" content=\"image\/jpeg\" \/>\n<meta name=\"twitter:card\" content=\"summary_large_image\" \/>\n<meta name=\"twitter:label1\" content=\"Est. reading time\" \/>\n\t<meta name=\"twitter:data1\" content=\"1 minute\" \/>\n<script type=\"application\/ld+json\" class=\"yoast-schema-graph\">{\"@context\":\"https:\\\/\\\/schema.org\",\"@graph\":[{\"@type\":\"WebPage\",\"@id\":\"https:\\\/\\\/wittnercollectiblecars.com\\\/product\\\/buick-v6-turbo\\\/\",\"url\":\"https:\\\/\\\/wittnercollectiblecars.com\\\/product\\\/buick-v6-turbo\\\/\",\"name\":\"Buick V6 Turbo | Collectible Cars Wittner\",\"isPartOf\":{\"@id\":\"https:\\\/\\\/wittnercollectiblecars.com\\\/#website\"},\"primaryImageOfPage\":{\"@id\":\"https:\\\/\\\/wittnercollectiblecars.com\\\/product\\\/buick-v6-turbo\\\/#primaryimage\"},\"image\":{\"@id\":\"https:\\\/\\\/wittnercollectiblecars.com\\\/product\\\/buick-v6-turbo\\\/#primaryimage\"},\"thumbnailUrl\":\"https:\\\/\\\/wittnercollectiblecars.com\\\/wp-content\\\/uploads\\\/2024\\\/05\\\/IMG_8407.jpg\",\"datePublished\":\"2024-05-30T16:57:00+00:00\",\"dateModified\":\"2025-05-09T09:37:17+00:00\",\"breadcrumb\":{\"@id\":\"https:\\\/\\\/wittnercollectiblecars.com\\\/product\\\/buick-v6-turbo\\\/#breadcrumb\"},\"inLanguage\":\"en-US\",\"potentialAction\":[{\"@type\":\"ReadAction\",\"target\":[\"https:\\\/\\\/wittnercollectiblecars.com\\\/product\\\/buick-v6-turbo\\\/\"]}]},{\"@type\":\"ImageObject\",\"inLanguage\":\"en-US\",\"@id\":\"https:\\\/\\\/wittnercollectiblecars.com\\\/product\\\/buick-v6-turbo\\\/#primaryimage\",\"url\":\"https:\\\/\\\/wittnercollectiblecars.com\\\/wp-content\\\/uploads\\\/2024\\\/05\\\/IMG_8407.jpg\",\"contentUrl\":\"https:\\\/\\\/wittnercollectiblecars.com\\\/wp-content\\\/uploads\\\/2024\\\/05\\\/IMG_8407.jpg\",\"width\":1024,\"height\":768},{\"@type\":\"BreadcrumbList\",\"@id\":\"https:\\\/\\\/wittnercollectiblecars.com\\\/product\\\/buick-v6-turbo\\\/#breadcrumb\",\"itemListElement\":[{\"@type\":\"ListItem\",\"position\":1,\"name\":\"Startseite\",\"item\":\"https:\\\/\\\/wittnercollectiblecars.com\\\/\"},{\"@type\":\"ListItem\",\"position\":2,\"name\":\"Ersatzteile\",\"item\":\"https:\\\/\\\/wittnercollectiblecars.com\\\/ersatzteile\\\/\"},{\"@type\":\"ListItem\",\"position\":3,\"name\":\"Buick V6 Turbo\"}]},{\"@type\":\"WebSite\",\"@id\":\"https:\\\/\\\/wittnercollectiblecars.com\\\/#website\",\"url\":\"https:\\\/\\\/wittnercollectiblecars.com\\\/\",\"name\":\"Collectible Cars Wittner\",\"description\":\"\",\"publisher\":{\"@id\":\"https:\\\/\\\/wittnercollectiblecars.com\\\/#organization\"},\"alternateName\":\"Franz Wittner GmbH\",\"potentialAction\":[{\"@type\":\"SearchAction\",\"target\":{\"@type\":\"EntryPoint\",\"urlTemplate\":\"https:\\\/\\\/wittnercollectiblecars.com\\\/?s={search_term_string}\"},\"query-input\":{\"@type\":\"PropertyValueSpecification\",\"valueRequired\":true,\"valueName\":\"search_term_string\"}}],\"inLanguage\":\"en-US\"},{\"@type\":\"Organization\",\"@id\":\"https:\\\/\\\/wittnercollectiblecars.com\\\/#organization\",\"name\":\"Collectible Cars Wittner\",\"alternateName\":\"Franz Wittner GmbH\",\"url\":\"https:\\\/\\\/wittnercollectiblecars.com\\\/\",\"logo\":{\"@type\":\"ImageObject\",\"inLanguage\":\"en-US\",\"@id\":\"https:\\\/\\\/wittnercollectiblecars.com\\\/#\\\/schema\\\/logo\\\/image\\\/\",\"url\":\"https:\\\/\\\/wittnercollectiblecars.com\\\/wp-content\\\/uploads\\\/2024\\\/08\\\/Wittner-1.png\",\"contentUrl\":\"https:\\\/\\\/wittnercollectiblecars.com\\\/wp-content\\\/uploads\\\/2024\\\/08\\\/Wittner-1.png\",\"width\":500,\"height\":500,\"caption\":\"Collectible Cars Wittner\"},\"image\":{\"@id\":\"https:\\\/\\\/wittnercollectiblecars.com\\\/#\\\/schema\\\/logo\\\/image\\\/\"},\"sameAs\":[\"https:\\\/\\\/www.facebook.com\\\/search\\\/top?q=partscollectionwittner&locale=de_DE\",\"https:\\\/\\\/www.instagram.com\\\/partscollection\\\/\",\"https:\\\/\\\/www.linkedin.com\\\/in\\\/franz-wittner-61069770\\\/\",\"https:\\\/\\\/www.youtube.com\\\/@CollectibleCarsWittner\",\"https:\\\/\\\/www.classic-trader.com\\\/at\\\/haendler\\\/franz-wittner-gmbh\\\/99892\"]}]}<\/script>\n<!-- \/ Yoast SEO plugin. -->","yoast_head_json":{"title":"Buick V6 Turbo | Collectible Cars Wittner","robots":{"index":"index","follow":"follow","max-snippet":"max-snippet:-1","max-image-preview":"max-image-preview:large","max-video-preview":"max-video-preview:-1"},"canonical":"https:\/\/wittnercollectiblecars.com\/en\/product\/buick-v6-turbo\/","og_locale":"en_US","og_type":"article","og_title":"Buick V6 Turbo | Collectible Cars Wittner","og_description":"Zum Verkauf steht ein originaler Buick V6 Turbo Motor mit Automatikgetriebe aus dem Jahr 1979, inklusive aller wesentlichen Anbauteile. Dieses Aggregat wurde Anfang der 1980er-Jahre aus einem neuwertigen Unfallfahrzeug ausgebaut und seitdem fachgerecht trocken eingelagert. Der Motor befindet sich daher in einem au\u00dfergew\u00f6hnlich gut erhaltenen Zustand und bietet eine ideale Basis f\u00fcr Restaurierungsprojekte oder den &hellip; Read more \"Buick V6 Turbo\"","og_url":"https:\/\/wittnercollectiblecars.com\/en\/product\/buick-v6-turbo\/","og_site_name":"Collectible Cars Wittner","article_publisher":"https:\/\/www.facebook.com\/search\/top?q=partscollectionwittner&locale=de_DE","article_modified_time":"2025-05-09T09:37:17+00:00","og_image":[{"width":1024,"height":768,"url":"https:\/\/wittnercollectiblecars.com\/wp-content\/uploads\/2024\/05\/IMG_8407.jpg","type":"image\/jpeg"}],"twitter_card":"summary_large_image","twitter_misc":{"Est. reading time":"1 minute"},"schema":{"@context":"https:\/\/schema.org","@graph":[{"@type":"WebPage","@id":"https:\/\/wittnercollectiblecars.com\/product\/buick-v6-turbo\/","url":"https:\/\/wittnercollectiblecars.com\/product\/buick-v6-turbo\/","name":"Buick V6 Turbo | Collectible Cars Wittner","isPartOf":{"@id":"https:\/\/wittnercollectiblecars.com\/#website"},"primaryImageOfPage":{"@id":"https:\/\/wittnercollectiblecars.com\/product\/buick-v6-turbo\/#primaryimage"},"image":{"@id":"https:\/\/wittnercollectiblecars.com\/product\/buick-v6-turbo\/#primaryimage"},"thumbnailUrl":"https:\/\/wittnercollectiblecars.com\/wp-content\/uploads\/2024\/05\/IMG_8407.jpg","datePublished":"2024-05-30T16:57:00+00:00","dateModified":"2025-05-09T09:37:17+00:00","breadcrumb":{"@id":"https:\/\/wittnercollectiblecars.com\/product\/buick-v6-turbo\/#breadcrumb"},"inLanguage":"en-US","potentialAction":[{"@type":"ReadAction","target":["https:\/\/wittnercollectiblecars.com\/product\/buick-v6-turbo\/"]}]},{"@type":"ImageObject","inLanguage":"en-US","@id":"https:\/\/wittnercollectiblecars.com\/product\/buick-v6-turbo\/#primaryimage","url":"https:\/\/wittnercollectiblecars.com\/wp-content\/uploads\/2024\/05\/IMG_8407.jpg","contentUrl":"https:\/\/wittnercollectiblecars.com\/wp-content\/uploads\/2024\/05\/IMG_8407.jpg","width":1024,"height":768},{"@type":"BreadcrumbList","@id":"https:\/\/wittnercollectiblecars.com\/product\/buick-v6-turbo\/#breadcrumb","itemListElement":[{"@type":"ListItem","position":1,"name":"Startseite","item":"https:\/\/wittnercollectiblecars.com\/"},{"@type":"ListItem","position":2,"name":"Ersatzteile","item":"https:\/\/wittnercollectiblecars.com\/ersatzteile\/"},{"@type":"ListItem","position":3,"name":"Buick V6 Turbo"}]},{"@type":"WebSite","@id":"https:\/\/wittnercollectiblecars.com\/#website","url":"https:\/\/wittnercollectiblecars.com\/","name":"Collectible Cars Wittner","description":"","publisher":{"@id":"https:\/\/wittnercollectiblecars.com\/#organization"},"alternateName":"Franz Wittner GmbH","potentialAction":[{"@type":"SearchAction","target":{"@type":"EntryPoint","urlTemplate":"https:\/\/wittnercollectiblecars.com\/?s={search_term_string}"},"query-input":{"@type":"PropertyValueSpecification","valueRequired":true,"valueName":"search_term_string"}}],"inLanguage":"en-US"},{"@type":"Organization","@id":"https:\/\/wittnercollectiblecars.com\/#organization","name":"Collectible Cars Wittner","alternateName":"Franz Wittner GmbH","url":"https:\/\/wittnercollectiblecars.com\/","logo":{"@type":"ImageObject","inLanguage":"en-US","@id":"https:\/\/wittnercollectiblecars.com\/#\/schema\/logo\/image\/","url":"https:\/\/wittnercollectiblecars.com\/wp-content\/uploads\/2024\/08\/Wittner-1.png","contentUrl":"https:\/\/wittnercollectiblecars.com\/wp-content\/uploads\/2024\/08\/Wittner-1.png","width":500,"height":500,"caption":"Collectible Cars Wittner"},"image":{"@id":"https:\/\/wittnercollectiblecars.com\/#\/schema\/logo\/image\/"},"sameAs":["https:\/\/www.facebook.com\/search\/top?q=partscollectionwittner&locale=de_DE","https:\/\/www.instagram.com\/partscollection\/","https:\/\/www.linkedin.com\/in\/franz-wittner-61069770\/","https:\/\/www.youtube.com\/@CollectibleCarsWittner","https:\/\/www.classic-trader.com\/at\/haendler\/franz-wittner-gmbh\/99892"]}]}},"_links":{"self":[{"href":"https:\/\/wittnercollectiblecars.com\/en\/wp-json\/wp\/v2\/product\/1467","targetHints":{"allow":["GET"]}}],"collection":[{"href":"https:\/\/wittnercollectiblecars.com\/en\/wp-json\/wp\/v2\/product"}],"about":[{"href":"https:\/\/wittnercollectiblecars.com\/en\/wp-json\/wp\/v2\/types\/product"}],"replies":[{"embeddable":true,"href":"https:\/\/wittnercollectiblecars.com\/en\/wp-json\/wp\/v2\/comments?post=1467"}],"wp:featuredmedia":[{"embeddable":true,"href":"https:\/\/wittnercollectiblecars.com\/en\/wp-json\/wp\/v2\/media\/1468"}],"wp:attachment":[{"href":"https:\/\/wittnercollectiblecars.com\/en\/wp-json\/wp\/v2\/media?parent=1467"}],"wp:term":[{"taxonomy":"product_brand","embeddable":true,"href":"https:\/\/wittnercollectiblecars.com\/en\/wp-json\/wp\/v2\/product_brand?post=1467"},{"taxonomy":"product_cat","embeddable":true,"href":"https:\/\/wittnercollectiblecars.com\/en\/wp-json\/wp\/v2\/product_cat?post=1467"},{"taxonomy":"product_tag","embeddable":true,"href":"https:\/\/wittnercollectiblecars.com\/en\/wp-json\/wp\/v2\/product_tag?post=1467"}],"curies":[{"name":"wp","href":"https:\/\/api.w.org\/{rel}","templated":true}]}}