{"id":958,"date":"2024-05-01T14:50:21","date_gmt":"2024-05-01T14:50:21","guid":{"rendered":"https:\/\/wittnercollectiblecars.com\/?page_id=958"},"modified":"2025-08-19T12:34:17","modified_gmt":"2025-08-19T12:34:17","slug":"impressum","status":"publish","type":"page","link":"https:\/\/wittnercollectiblecars.com\/en\/impressum\/","title":{"rendered":"Imprint"},"content":{"rendered":"<div data-elementor-type=\"wp-page\" data-elementor-id=\"958\" class=\"elementor elementor-958\" wpc-filter-elementor-widget=\"1\" data-elementor-post-type=\"page\">\n\t\t\t\t\t\t<section class=\"elementor-section elementor-top-section elementor-element elementor-element-ff65e77 elementor-section-full_width elementor-section-height-default elementor-section-height-default\" data-id=\"ff65e77\" data-element_type=\"section\" data-e-type=\"section\">\n\t\t\t\t\t\t<div class=\"elementor-container elementor-column-gap-default\">\n\t\t\t\t\t<div class=\"elementor-column elementor-col-100 elementor-top-column elementor-element elementor-element-764ef35\" data-id=\"764ef35\" data-element_type=\"column\" data-e-type=\"column\">\n\t\t\t<div class=\"elementor-widget-wrap elementor-element-populated\">\n\t\t\t\t\t\t<div class=\"elementor-element elementor-element-490a14b elementor-widget elementor-widget-text-editor\" data-id=\"490a14b\" data-element_type=\"widget\" data-e-type=\"widget\" data-widget_type=\"text-editor.default\">\n\t\t\t\t<div class=\"elementor-widget-container\">\n\t\t\t\t\t\t\t\t\t<h2>Franz Wittner GmbH<\/h2><p>Winklinger Stra\u00dfe 14-16<br \/>AT-4407 Dietachdorf<\/p><p>Tel: +43 7252 38080<br \/>E-Mail: <a href=\"mailto:wittner@collectiblecars.at\">wittner@collectiblecars.at<\/a><\/p><p>Rechtsform: Gesellschaft mit beschr\u00e4nkter Haftung<br \/>Gesch\u00e4ftsf\u00fchrer: Franz Wittner<\/p><p>UID-Nummer:\u00a0<span class=\"right\"><span id=\"entry_15390870\" class=\"nummer shown\">ATU 61898414<\/span><\/span><span lang=\"DE-AT\"><br \/><\/span>GLN: 9110016808611<\/p><p>Firmenbuchgericht: Landesgericht Steyr<br \/>Firmenbuchnummer:\u00a0<span lang=\"DE-AT\">FN 263000s<\/span><\/p><p><strong>Unternehmensgegenstand:\u00a0<\/strong><br \/>LG Fahrzeughandel \u2013 Handelsgewerbe und Handelsagentengewerbe<br \/>Berufszweig: Handel mit Automobilen, Motorr\u00e4dern inkl.Bereifung,Zubeh\u00f6r<\/p><p>Mitglied der WKO, Landesinnung Fahrzeugh\u00e4ndler der WKO\u00d6<br \/><a href=\"https:\/\/firmen.wko.at\/franz-wittner-gmbh\/ober%c3%b6sterreich\/?firmaid=354b04c3-b108-48e5-a0dd-2b1fc9a99326&amp;suchbegriff=franz%20wittner%20gmbh\" target=\"_blank\" rel=\"noopener noreferrer\"><strong>&gt;&gt; mehr Informationen<\/strong><\/a><\/p><p><strong>Aufsichtsbeh\u00f6rde\/Gewerbebeh\u00f6rde:\u00a0<\/strong><br \/>Bezirkshauptmannschaft Steyr Land<\/p><p><strong>Angaben zur Online-Streitbeilegung:<\/strong><br \/>Verbraucher haben die M\u00f6glichkeit, Beschwerden an die Online-Streitbeilegungsplattform der EU zu richten:\u00a0<a href=\"http:\/\/www.ec.europa.eu\/\" target=\"_blank\" rel=\"noopener noreferrer\">www.ec.europa.eu\u00a0<\/a>. Sie k\u00f6nnen allf\u00e4llige Beschwerde auch an die oben angegebene E-Mail-Adresse richten.<\/p><p><strong>HAFTUNGSAUSSCHLUSS<\/strong><\/p><ol><li><strong>Inhalt des Onlineangebotes<\/strong><\/li><\/ol><p>Der Autor \u00fcbernimmt keinerlei Gew\u00e4hr f\u00fcr die Aktualit\u00e4t, Korrektheit, Vollst\u00e4ndigkeit oder Qualit\u00e4t der bereitgestellten Informationen. Haftungsanspr\u00fcche gegen den Autor, welche sich auf Sch\u00e4den materieller oder ideeller Art beziehen, die durch die Nutzung oder Nichtnutzung der dargebotenen Informationen bzw. durch die Nutzung fehlerhafter und unvollst\u00e4ndiger Informationen verursacht wurden, sind grunds\u00e4tzlich ausgeschlossen, sofern seitens des Autors kein nachweislich vors\u00e4tzliches oder grob fahrl\u00e4ssiges Verschulden vorliegt. Alle Angebote sind freibleibend und unverbindlich. Der Autor beh\u00e4lt es sich ausdr\u00fccklich vor, Teile der Seiten oder das gesamte Angebot ohne gesonderte Ank\u00fcndigung zu ver\u00e4ndern, zu erg\u00e4nzen, zu l\u00f6schen oder die Ver\u00f6ffentlichung zeitweise oder endg\u00fcltig einzustellen.<\/p><ol start=\"2\"><li><strong>Verweise und Links<\/strong><\/li><\/ol><p>Bei direkten oder indirekten Verweisen auf fremde Internetseiten (Links), die au\u00dferhalb des Verantwortungsbereiches des Autors liegen, w\u00fcrde eine Haftungsverpflichtung ausschlie\u00dflich in dem Fall in Kraft treten, in dem der Autor von den Inhalten Kenntnis hat und es ihm technisch m\u00f6glich und zumutbar w\u00e4re, die Nutzung im Falle rechtswidriger Inhalte zu verhindern. Der Autor erkl\u00e4rt hiermit ausdr\u00fccklich, dass zum Zeitpunkt der Linksetzung keine illegalen Inhalte auf den zu verlinkenden Seiten erkennbar waren. Auf die aktuelle und zuk\u00fcnftige Gestaltung, die Inhalte oder die Urheberschaft der gelinkten\/verkn\u00fcpften Seiten hat der Autor keinerlei Einfluss. Deshalb distanziert er sich hiermit ausdr\u00fccklich von allen Inhalten aller gelinkten\/verkn\u00fcpften Seiten, die nach der Linksetzung ver\u00e4ndert wurden. Diese Feststellung gilt f\u00fcr alle innerhalb des eigenen Internetangebotes gesetzten Links und Verweise sowie f\u00fcr Fremdeintr\u00e4ge in vom Autor eingerichtete G\u00e4steb\u00fccher, Diskussionsforen und Mailinglisten. F\u00fcr illegale, fehlerhafte oder unvollst\u00e4ndige Inhalte und insbesondere f\u00fcr Sch\u00e4den, die aus der Nutzung oder Nichtnutzung solcherart dargebotener Informationen entstehen, haftet allein der Anbieter der Seite, auf welche verwiesen wurde, nicht derjenige, der \u00fcber Links auf die jeweilige Ver\u00f6ffentlichung lediglich verweist.<\/p><ol start=\"3\"><li><strong>Urheber- und Kennzeichenrecht<\/strong><\/li><\/ol><p>Der Autor ist bestrebt, in allen Publikationen die Urheberrechte der verwendeten Grafiken, Tondokumente, Videosequenzen und Texte zu beachten, von ihm selbst erstellte Grafiken, Tondokumente, Videosequenzen und Texte zu nutzen oder auf lizenzfreie Grafiken, Tondokumente, Videosequenzen und Texte zur\u00fcckzugreifen. Alle innerhalb des Internetangebotes genannten und ggf. durch Dritte gesch\u00fctzten Marken- und Warenzeichen unterliegen uneingeschr\u00e4nkt den Bestimmungen des jeweils g\u00fcltigen Kennzeichenrechts und den Besitzrechten der jeweiligen eingetragenen Eigent\u00fcmer. Allein aufgrund der blo\u00dfen Nennung ist nicht der Schluss zu ziehen, dass Markenzeichen nicht durch Rechte Dritter gesch\u00fctzt sind! Das Copyright f\u00fcr ver\u00f6ffentlichte, vom Autor selbst erstellte Objekte bleibt allein beim Autor der Seiten. Eine Vervielf\u00e4ltigung oder Verwendung solcher Grafiken, Tondokumente, Videosequenzen und Texte in anderen elektronischen oder gedruckten Publikationen ist ohne ausdr\u00fcckliche Zustimmung des Autors nicht gestattet.<\/p><ol start=\"4\"><li><strong>Datenschutz<\/strong><\/li><\/ol><p>Sofern innerhalb des Internetangebotes die M\u00f6glichkeit zur Eingabe pers\u00f6nlicher oder gesch\u00e4ftlicher Daten (E-Mail-Adressen, Namen, Anschriften) besteht, so erfolgt die Preisgabe dieser Daten seitens des Nutzers auf ausdr\u00fccklich freiwilliger Basis. Die Inanspruchnahme und Bezahlung aller angebotenen Dienste ist \u2013 soweit technisch m\u00f6glich und zumutbar \u2013 auch ohne Angabe solcher Daten bzw. unter Angabe anonymisierter Daten oder eines Pseudonyms gestattet. Die Nutzung der im Rahmen des Impressums oder vergleichbarer Angaben ver\u00f6ffentlichten Kontaktdaten wie Postanschriften, Telefon- und Faxnummern sowie E-Mail-Adressen durch Dritte zur \u00dcbersendung von nicht ausdr\u00fccklich angeforderten Informationen ist nicht gestattet. Rechtliche Schritte gegen die Versender von so genannten Spam-Mails bei Verst\u00f6\u00dfen gegen dieses Verbot sind ausdr\u00fccklich vorbehalten.<\/p><ol start=\"5\"><li><strong>Rechtswirksamkeit dieses Haftungsausschlusses<\/strong><\/li><\/ol><p>Dieser Haftungsausschluss ist als Teil des Internetangebotes zu betrachten, von dem aus auf diese Seite verwiesen wurde. Sofern Teile oder einzelne Formulierungen dieses Textes der geltenden Rechtslage nicht, nicht mehr oder nicht vollst\u00e4ndig entsprechen sollten, bleiben die \u00fcbrigen Teile des Dokumentes in ihrem Inhalt und ihrer G\u00fcltigkeit davon unber\u00fchrt.<\/p>\t\t\t\t\t\t\t\t<\/div>\n\t\t\t\t<\/div>\n\t\t\t\t\t<\/div>\n\t\t<\/div>\n\t\t\t\t\t<\/div>\n\t\t<\/section>\n\t\t\t\t<\/div>","protected":false},"excerpt":{"rendered":"<p>Franz Wittner GmbH Winklinger Stra\u00dfe 14-16AT-4407 Dietachdorf Tel: +43 7252 38080E-Mail: wittner@collectiblecars.at Rechtsform: Gesellschaft mit beschr\u00e4nkter HaftungGesch\u00e4ftsf\u00fchrer: Franz Wittner UID-Nummer:\u00a0ATU 61898414GLN: 9110016808611 Firmenbuchgericht: Landesgericht SteyrFirmenbuchnummer:\u00a0FN 263000s Unternehmensgegenstand:\u00a0LG Fahrzeughandel \u2013 Handelsgewerbe und HandelsagentengewerbeBerufszweig: Handel mit Automobilen, Motorr\u00e4dern inkl.Bereifung,Zubeh\u00f6r Mitglied der WKO, Landesinnung Fahrzeugh\u00e4ndler der WKO\u00d6&gt;&gt; mehr Informationen Aufsichtsbeh\u00f6rde\/Gewerbebeh\u00f6rde:\u00a0Bezirkshauptmannschaft Steyr Land Angaben zur Online-Streitbeilegung:Verbraucher haben die M\u00f6glichkeit, &hellip; <\/p>\n<p class=\"link-more\"><a href=\"https:\/\/wittnercollectiblecars.com\/en\/impressum\/\" class=\"more-link\">Read more<span class=\"screen-reader-text\"> &#8222;Impressum&#8220;<\/span><\/a><\/p>","protected":false},"author":1,"featured_media":0,"parent":0,"menu_order":0,"comment_status":"closed","ping_status":"closed","template":"","meta":{"_themeisle_gutenberg_block_has_review":false,"inspiro_hide_title":false,"footnotes":""},"class_list":["post-958","page","type-page","status-publish","hentry"],"yoast_head":"<!-- This site is optimized with the Yoast SEO plugin v27.4 - https:\/\/yoast.com\/product\/yoast-seo-wordpress\/ -->\n<title>Impressum | Collectible Cars Wittner<\/title>\n<meta name=\"robots\" content=\"index, follow, max-snippet:-1, max-image-preview:large, max-video-preview:-1\" \/>\n<link rel=\"canonical\" href=\"https:\/\/wittnercollectiblecars.com\/en\/impressum\/\" \/>\n<meta property=\"og:locale\" content=\"en_US\" \/>\n<meta property=\"og:type\" content=\"article\" \/>\n<meta property=\"og:title\" content=\"Impressum | Collectible Cars Wittner\" \/>\n<meta property=\"og:description\" content=\"Franz Wittner GmbH Winklinger Stra\u00dfe 14-16AT-4407 Dietachdorf Tel: +43 7252 38080E-Mail: wittner@collectiblecars.at Rechtsform: Gesellschaft mit beschr\u00e4nkter HaftungGesch\u00e4ftsf\u00fchrer: Franz Wittner UID-Nummer:\u00a0ATU 61898414GLN: 9110016808611 Firmenbuchgericht: Landesgericht SteyrFirmenbuchnummer:\u00a0FN 263000s Unternehmensgegenstand:\u00a0LG Fahrzeughandel \u2013 Handelsgewerbe und HandelsagentengewerbeBerufszweig: Handel mit Automobilen, Motorr\u00e4dern inkl.Bereifung,Zubeh\u00f6r Mitglied der WKO, Landesinnung Fahrzeugh\u00e4ndler der WKO\u00d6&gt;&gt; mehr Informationen Aufsichtsbeh\u00f6rde\/Gewerbebeh\u00f6rde:\u00a0Bezirkshauptmannschaft Steyr Land Angaben zur Online-Streitbeilegung:Verbraucher haben die M\u00f6glichkeit, &hellip; Read more &quot;Impressum&quot;\" \/>\n<meta property=\"og:url\" content=\"https:\/\/wittnercollectiblecars.com\/en\/impressum\/\" \/>\n<meta property=\"og:site_name\" content=\"Collectible Cars Wittner\" \/>\n<meta property=\"article:publisher\" content=\"https:\/\/www.facebook.com\/search\/top?q=partscollectionwittner&amp;locale=de_DE\" \/>\n<meta property=\"article:modified_time\" content=\"2025-08-19T12:34:17+00:00\" \/>\n<meta name=\"twitter:card\" content=\"summary_large_image\" \/>\n<meta name=\"twitter:label1\" content=\"Est. reading time\" \/>\n\t<meta name=\"twitter:data1\" content=\"4 minutes\" \/>\n<script type=\"application\/ld+json\" class=\"yoast-schema-graph\">{\"@context\":\"https:\\\/\\\/schema.org\",\"@graph\":[{\"@type\":\"WebPage\",\"@id\":\"https:\\\/\\\/wittnercollectiblecars.com\\\/impressum\\\/\",\"url\":\"https:\\\/\\\/wittnercollectiblecars.com\\\/impressum\\\/\",\"name\":\"Impressum | Collectible Cars Wittner\",\"isPartOf\":{\"@id\":\"https:\\\/\\\/wittnercollectiblecars.com\\\/#website\"},\"datePublished\":\"2024-05-01T14:50:21+00:00\",\"dateModified\":\"2025-08-19T12:34:17+00:00\",\"breadcrumb\":{\"@id\":\"https:\\\/\\\/wittnercollectiblecars.com\\\/impressum\\\/#breadcrumb\"},\"inLanguage\":\"en-US\",\"potentialAction\":[{\"@type\":\"ReadAction\",\"target\":[\"https:\\\/\\\/wittnercollectiblecars.com\\\/impressum\\\/\"]}]},{\"@type\":\"BreadcrumbList\",\"@id\":\"https:\\\/\\\/wittnercollectiblecars.com\\\/impressum\\\/#breadcrumb\",\"itemListElement\":[{\"@type\":\"ListItem\",\"position\":1,\"name\":\"Startseite\",\"item\":\"https:\\\/\\\/wittnercollectiblecars.com\\\/\"},{\"@type\":\"ListItem\",\"position\":2,\"name\":\"Impressum\"}]},{\"@type\":\"WebSite\",\"@id\":\"https:\\\/\\\/wittnercollectiblecars.com\\\/#website\",\"url\":\"https:\\\/\\\/wittnercollectiblecars.com\\\/\",\"name\":\"Collectible Cars Wittner\",\"description\":\"\",\"publisher\":{\"@id\":\"https:\\\/\\\/wittnercollectiblecars.com\\\/#organization\"},\"alternateName\":\"Franz Wittner GmbH\",\"potentialAction\":[{\"@type\":\"SearchAction\",\"target\":{\"@type\":\"EntryPoint\",\"urlTemplate\":\"https:\\\/\\\/wittnercollectiblecars.com\\\/?s={search_term_string}\"},\"query-input\":{\"@type\":\"PropertyValueSpecification\",\"valueRequired\":true,\"valueName\":\"search_term_string\"}}],\"inLanguage\":\"en-US\"},{\"@type\":\"Organization\",\"@id\":\"https:\\\/\\\/wittnercollectiblecars.com\\\/#organization\",\"name\":\"Collectible Cars Wittner\",\"alternateName\":\"Franz Wittner GmbH\",\"url\":\"https:\\\/\\\/wittnercollectiblecars.com\\\/\",\"logo\":{\"@type\":\"ImageObject\",\"inLanguage\":\"en-US\",\"@id\":\"https:\\\/\\\/wittnercollectiblecars.com\\\/#\\\/schema\\\/logo\\\/image\\\/\",\"url\":\"https:\\\/\\\/wittnercollectiblecars.com\\\/wp-content\\\/uploads\\\/2024\\\/08\\\/Wittner-1.png\",\"contentUrl\":\"https:\\\/\\\/wittnercollectiblecars.com\\\/wp-content\\\/uploads\\\/2024\\\/08\\\/Wittner-1.png\",\"width\":500,\"height\":500,\"caption\":\"Collectible Cars Wittner\"},\"image\":{\"@id\":\"https:\\\/\\\/wittnercollectiblecars.com\\\/#\\\/schema\\\/logo\\\/image\\\/\"},\"sameAs\":[\"https:\\\/\\\/www.facebook.com\\\/search\\\/top?q=partscollectionwittner&locale=de_DE\",\"https:\\\/\\\/www.instagram.com\\\/partscollection\\\/\",\"https:\\\/\\\/www.linkedin.com\\\/in\\\/franz-wittner-61069770\\\/\",\"https:\\\/\\\/www.youtube.com\\\/@CollectibleCarsWittner\",\"https:\\\/\\\/www.classic-trader.com\\\/at\\\/haendler\\\/franz-wittner-gmbh\\\/99892\"]}]}<\/script>\n<!-- \/ Yoast SEO plugin. -->","yoast_head_json":{"title":"Impressum | Collectible Cars Wittner","robots":{"index":"index","follow":"follow","max-snippet":"max-snippet:-1","max-image-preview":"max-image-preview:large","max-video-preview":"max-video-preview:-1"},"canonical":"https:\/\/wittnercollectiblecars.com\/en\/impressum\/","og_locale":"en_US","og_type":"article","og_title":"Impressum | Collectible Cars Wittner","og_description":"Franz Wittner GmbH Winklinger Stra\u00dfe 14-16AT-4407 Dietachdorf Tel: +43 7252 38080E-Mail: wittner@collectiblecars.at Rechtsform: Gesellschaft mit beschr\u00e4nkter HaftungGesch\u00e4ftsf\u00fchrer: Franz Wittner UID-Nummer:\u00a0ATU 61898414GLN: 9110016808611 Firmenbuchgericht: Landesgericht SteyrFirmenbuchnummer:\u00a0FN 263000s Unternehmensgegenstand:\u00a0LG Fahrzeughandel \u2013 Handelsgewerbe und HandelsagentengewerbeBerufszweig: Handel mit Automobilen, Motorr\u00e4dern inkl.Bereifung,Zubeh\u00f6r Mitglied der WKO, Landesinnung Fahrzeugh\u00e4ndler der WKO\u00d6&gt;&gt; mehr Informationen Aufsichtsbeh\u00f6rde\/Gewerbebeh\u00f6rde:\u00a0Bezirkshauptmannschaft Steyr Land Angaben zur Online-Streitbeilegung:Verbraucher haben die M\u00f6glichkeit, &hellip; Read more \"Impressum\"","og_url":"https:\/\/wittnercollectiblecars.com\/en\/impressum\/","og_site_name":"Collectible Cars Wittner","article_publisher":"https:\/\/www.facebook.com\/search\/top?q=partscollectionwittner&locale=de_DE","article_modified_time":"2025-08-19T12:34:17+00:00","twitter_card":"summary_large_image","twitter_misc":{"Est. reading time":"4 minutes"},"schema":{"@context":"https:\/\/schema.org","@graph":[{"@type":"WebPage","@id":"https:\/\/wittnercollectiblecars.com\/impressum\/","url":"https:\/\/wittnercollectiblecars.com\/impressum\/","name":"Impressum | Collectible Cars Wittner","isPartOf":{"@id":"https:\/\/wittnercollectiblecars.com\/#website"},"datePublished":"2024-05-01T14:50:21+00:00","dateModified":"2025-08-19T12:34:17+00:00","breadcrumb":{"@id":"https:\/\/wittnercollectiblecars.com\/impressum\/#breadcrumb"},"inLanguage":"en-US","potentialAction":[{"@type":"ReadAction","target":["https:\/\/wittnercollectiblecars.com\/impressum\/"]}]},{"@type":"BreadcrumbList","@id":"https:\/\/wittnercollectiblecars.com\/impressum\/#breadcrumb","itemListElement":[{"@type":"ListItem","position":1,"name":"Startseite","item":"https:\/\/wittnercollectiblecars.com\/"},{"@type":"ListItem","position":2,"name":"Impressum"}]},{"@type":"WebSite","@id":"https:\/\/wittnercollectiblecars.com\/#website","url":"https:\/\/wittnercollectiblecars.com\/","name":"Collectible Cars Wittner","description":"","publisher":{"@id":"https:\/\/wittnercollectiblecars.com\/#organization"},"alternateName":"Franz Wittner GmbH","potentialAction":[{"@type":"SearchAction","target":{"@type":"EntryPoint","urlTemplate":"https:\/\/wittnercollectiblecars.com\/?s={search_term_string}"},"query-input":{"@type":"PropertyValueSpecification","valueRequired":true,"valueName":"search_term_string"}}],"inLanguage":"en-US"},{"@type":"Organization","@id":"https:\/\/wittnercollectiblecars.com\/#organization","name":"Collectible Cars Wittner","alternateName":"Franz Wittner GmbH","url":"https:\/\/wittnercollectiblecars.com\/","logo":{"@type":"ImageObject","inLanguage":"en-US","@id":"https:\/\/wittnercollectiblecars.com\/#\/schema\/logo\/image\/","url":"https:\/\/wittnercollectiblecars.com\/wp-content\/uploads\/2024\/08\/Wittner-1.png","contentUrl":"https:\/\/wittnercollectiblecars.com\/wp-content\/uploads\/2024\/08\/Wittner-1.png","width":500,"height":500,"caption":"Collectible Cars Wittner"},"image":{"@id":"https:\/\/wittnercollectiblecars.com\/#\/schema\/logo\/image\/"},"sameAs":["https:\/\/www.facebook.com\/search\/top?q=partscollectionwittner&locale=de_DE","https:\/\/www.instagram.com\/partscollection\/","https:\/\/www.linkedin.com\/in\/franz-wittner-61069770\/","https:\/\/www.youtube.com\/@CollectibleCarsWittner","https:\/\/www.classic-trader.com\/at\/haendler\/franz-wittner-gmbh\/99892"]}]}},"_links":{"self":[{"href":"https:\/\/wittnercollectiblecars.com\/en\/wp-json\/wp\/v2\/pages\/958","targetHints":{"allow":["GET"]}}],"collection":[{"href":"https:\/\/wittnercollectiblecars.com\/en\/wp-json\/wp\/v2\/pages"}],"about":[{"href":"https:\/\/wittnercollectiblecars.com\/en\/wp-json\/wp\/v2\/types\/page"}],"author":[{"embeddable":true,"href":"https:\/\/wittnercollectiblecars.com\/en\/wp-json\/wp\/v2\/users\/1"}],"replies":[{"embeddable":true,"href":"https:\/\/wittnercollectiblecars.com\/en\/wp-json\/wp\/v2\/comments?post=958"}],"version-history":[{"count":13,"href":"https:\/\/wittnercollectiblecars.com\/en\/wp-json\/wp\/v2\/pages\/958\/revisions"}],"predecessor-version":[{"id":3355,"href":"https:\/\/wittnercollectiblecars.com\/en\/wp-json\/wp\/v2\/pages\/958\/revisions\/3355"}],"wp:attachment":[{"href":"https:\/\/wittnercollectiblecars.com\/en\/wp-json\/wp\/v2\/media?parent=958"}],"curies":[{"name":"wp","href":"https:\/\/api.w.org\/{rel}","templated":true}]}}