{"id":3482,"date":"2025-10-06T11:02:06","date_gmt":"2025-10-06T11:02:06","guid":{"rendered":"https:\/\/wittnercollectiblecars.com\/?page_id=3482"},"modified":"2025-10-17T22:00:30","modified_gmt":"2025-10-17T22:00:30","slug":"mercedes-600-pullman","status":"publish","type":"page","link":"https:\/\/wittnercollectiblecars.com\/en\/mercedes-600-pullman\/","title":{"rendered":"Mercedes 600 Pullman"},"content":{"rendered":"<div data-elementor-type=\"wp-page\" data-elementor-id=\"3482\" class=\"elementor elementor-3482\" wpc-filter-elementor-widget=\"1\" data-elementor-post-type=\"page\">\n\t\t\t\t\t\t<section class=\"elementor-section elementor-top-section elementor-element elementor-element-211c5eae elementor-section-full_width elementor-section-height-default elementor-section-height-default\" data-id=\"211c5eae\" data-element_type=\"section\" data-e-type=\"section\" data-settings=\"{&quot;background_background&quot;:&quot;classic&quot;}\">\n\t\t\t\t\t\t<div class=\"elementor-container elementor-column-gap-default\">\n\t\t\t\t\t<div class=\"elementor-column elementor-col-100 elementor-top-column elementor-element elementor-element-6c6f5555\" data-id=\"6c6f5555\" data-element_type=\"column\" data-e-type=\"column\">\n\t\t\t<div class=\"elementor-widget-wrap elementor-element-populated\">\n\t\t\t\t\t\t<div class=\"elementor-element elementor-element-64594c2b elementor-widget elementor-widget-heading\" data-id=\"64594c2b\" data-element_type=\"widget\" data-e-type=\"widget\" data-widget_type=\"heading.default\">\n\t\t\t\t<div class=\"elementor-widget-container\">\n\t\t\t\t\t<h2 class=\"elementor-heading-title elementor-size-default\">MERCEDES 600 PULLMAN<\/h2>\t\t\t\t<\/div>\n\t\t\t\t<\/div>\n\t\t\t\t<div class=\"elementor-element elementor-element-b08ec00 elementor-widget elementor-widget-spacer\" data-id=\"b08ec00\" data-element_type=\"widget\" data-e-type=\"widget\" data-widget_type=\"spacer.default\">\n\t\t\t\t<div class=\"elementor-widget-container\">\n\t\t\t\t\t\t\t<div class=\"elementor-spacer\">\n\t\t\t<div class=\"elementor-spacer-inner\"><\/div>\n\t\t<\/div>\n\t\t\t\t\t\t<\/div>\n\t\t\t\t<\/div>\n\t\t\t\t\t<\/div>\n\t\t<\/div>\n\t\t\t\t\t<\/div>\n\t\t<\/section>\n\t\t\t\t<section class=\"elementor-section elementor-top-section elementor-element elementor-element-377da941 elementor-section-boxed elementor-section-height-default elementor-section-height-default\" data-id=\"377da941\" data-element_type=\"section\" data-e-type=\"section\" data-settings=\"{&quot;background_background&quot;:&quot;classic&quot;}\">\n\t\t\t\t\t\t<div class=\"elementor-container elementor-column-gap-default\">\n\t\t\t\t\t<div class=\"elementor-column elementor-col-100 elementor-top-column elementor-element elementor-element-784cd8d\" data-id=\"784cd8d\" data-element_type=\"column\" data-e-type=\"column\">\n\t\t\t<div class=\"elementor-widget-wrap elementor-element-populated\">\n\t\t\t\t\t\t<div class=\"elementor-element elementor-element-49921409 elementor-pagination-position-inside elementor-arrows-position-inside elementor-widget elementor-widget-image-carousel\" data-id=\"49921409\" data-element_type=\"widget\" data-e-type=\"widget\" data-settings=\"{&quot;slides_to_show&quot;:&quot;1&quot;,&quot;navigation&quot;:&quot;both&quot;,&quot;infinite&quot;:&quot;yes&quot;,&quot;effect&quot;:&quot;slide&quot;,&quot;speed&quot;:500}\" data-widget_type=\"image-carousel.default\">\n\t\t\t\t<div class=\"elementor-widget-container\">\n\t\t\t\t\t\t\t<div class=\"elementor-image-carousel-wrapper swiper\" role=\"region\" aria-roledescription=\"carousel\" aria-label=\"Image Carousel\" dir=\"ltr\">\n\t\t\t<div class=\"elementor-image-carousel swiper-wrapper\" aria-live=\"polite\">\n\t\t\t\t\t\t\t\t<div class=\"swiper-slide\" role=\"group\" aria-roledescription=\"slide\" aria-label=\"1 of 3\"><a data-elementor-open-lightbox=\"yes\" data-elementor-lightbox-slideshow=\"49921409\" data-elementor-lightbox-title=\"DSC_9132\" data-e-action-hash=\"#elementor-action%3Aaction%3Dlightbox%26settings%3DeyJpZCI6MzQ4NiwidXJsIjoiaHR0cHM6XC9cL3dpdHRuZXJjb2xsZWN0aWJsZWNhcnMuY29tXC93cC1jb250ZW50XC91cGxvYWRzXC8yMDI1XC8xMFwvRFNDXzkxMzItc2NhbGVkLmpwZyIsInNsaWRlc2hvdyI6IjQ5OTIxNDA5In0%3D\" href=\"https:\/\/wittnercollectiblecars.com\/wp-content\/uploads\/2025\/10\/DSC_9132-scaled.jpg\"><figure class=\"swiper-slide-inner\"><img decoding=\"async\" class=\"swiper-slide-image lazyload\" data-src=\"https:\/\/wittnercollectiblecars.com\/wp-content\/uploads\/2025\/10\/DSC_9132-1024x683.jpg\" alt=\"DSC_9132\" src=\"data:image\/svg+xml;base64,PHN2ZyB3aWR0aD0iMSIgaGVpZ2h0PSIxIiB4bWxucz0iaHR0cDovL3d3dy53My5vcmcvMjAwMC9zdmciPjwvc3ZnPg==\" style=\"--smush-placeholder-width: 1024px; --smush-placeholder-aspect-ratio: 1024\/683;\" \/><\/figure><\/a><\/div><div class=\"swiper-slide\" role=\"group\" aria-roledescription=\"slide\" aria-label=\"2 of 3\"><a data-elementor-open-lightbox=\"yes\" data-elementor-lightbox-slideshow=\"49921409\" data-elementor-lightbox-title=\"DSC_9122\" data-e-action-hash=\"#elementor-action%3Aaction%3Dlightbox%26settings%3DeyJpZCI6MzQ4NSwidXJsIjoiaHR0cHM6XC9cL3dpdHRuZXJjb2xsZWN0aWJsZWNhcnMuY29tXC93cC1jb250ZW50XC91cGxvYWRzXC8yMDI1XC8xMFwvRFNDXzkxMjItc2NhbGVkLmpwZyIsInNsaWRlc2hvdyI6IjQ5OTIxNDA5In0%3D\" href=\"https:\/\/wittnercollectiblecars.com\/wp-content\/uploads\/2025\/10\/DSC_9122-scaled.jpg\"><figure class=\"swiper-slide-inner\"><img decoding=\"async\" class=\"swiper-slide-image lazyload\" data-src=\"https:\/\/wittnercollectiblecars.com\/wp-content\/uploads\/2025\/10\/DSC_9122-1024x683.jpg\" alt=\"DSC_9122\" src=\"data:image\/svg+xml;base64,PHN2ZyB3aWR0aD0iMSIgaGVpZ2h0PSIxIiB4bWxucz0iaHR0cDovL3d3dy53My5vcmcvMjAwMC9zdmciPjwvc3ZnPg==\" style=\"--smush-placeholder-width: 1024px; --smush-placeholder-aspect-ratio: 1024\/683;\" \/><\/figure><\/a><\/div><div class=\"swiper-slide\" role=\"group\" aria-roledescription=\"slide\" aria-label=\"3 of 3\"><a data-elementor-open-lightbox=\"yes\" data-elementor-lightbox-slideshow=\"49921409\" data-elementor-lightbox-title=\"DSC_9138\" data-e-action-hash=\"#elementor-action%3Aaction%3Dlightbox%26settings%3DeyJpZCI6MzQ4NywidXJsIjoiaHR0cHM6XC9cL3dpdHRuZXJjb2xsZWN0aWJsZWNhcnMuY29tXC93cC1jb250ZW50XC91cGxvYWRzXC8yMDI1XC8xMFwvRFNDXzkxMzgtc2NhbGVkLmpwZyIsInNsaWRlc2hvdyI6IjQ5OTIxNDA5In0%3D\" href=\"https:\/\/wittnercollectiblecars.com\/wp-content\/uploads\/2025\/10\/DSC_9138-scaled.jpg\"><figure class=\"swiper-slide-inner\"><img decoding=\"async\" class=\"swiper-slide-image lazyload\" data-src=\"https:\/\/wittnercollectiblecars.com\/wp-content\/uploads\/2025\/10\/DSC_9138-1024x683.jpg\" alt=\"DSC_9138\" src=\"data:image\/svg+xml;base64,PHN2ZyB3aWR0aD0iMSIgaGVpZ2h0PSIxIiB4bWxucz0iaHR0cDovL3d3dy53My5vcmcvMjAwMC9zdmciPjwvc3ZnPg==\" style=\"--smush-placeholder-width: 1024px; --smush-placeholder-aspect-ratio: 1024\/683;\" \/><\/figure><\/a><\/div>\t\t\t<\/div>\n\t\t\t\t\t\t\t\t\t\t\t\t<div class=\"elementor-swiper-button elementor-swiper-button-prev\" role=\"button\" tabindex=\"0\">\n\t\t\t\t\t\t<i aria-hidden=\"true\" class=\"eicon-chevron-left\"><\/i>\t\t\t\t\t<\/div>\n\t\t\t\t\t<div class=\"elementor-swiper-button elementor-swiper-button-next\" role=\"button\" tabindex=\"0\">\n\t\t\t\t\t\t<i aria-hidden=\"true\" class=\"eicon-chevron-right\"><\/i>\t\t\t\t\t<\/div>\n\t\t\t\t\n\t\t\t\t\t\t\t\t\t<div class=\"swiper-pagination\"><\/div>\n\t\t\t\t\t\t\t\t\t<\/div>\n\t\t\t\t\t\t<\/div>\n\t\t\t\t<\/div>\n\t\t\t\t\t<\/div>\n\t\t<\/div>\n\t\t\t\t\t<\/div>\n\t\t<\/section>\n\t\t\t\t<section class=\"elementor-section elementor-top-section elementor-element elementor-element-11faeaa3 elementor-section-boxed elementor-section-height-default elementor-section-height-default\" data-id=\"11faeaa3\" data-element_type=\"section\" data-e-type=\"section\" data-settings=\"{&quot;background_background&quot;:&quot;classic&quot;}\">\n\t\t\t\t\t\t<div class=\"elementor-container elementor-column-gap-default\">\n\t\t\t\t\t<div class=\"elementor-column elementor-col-100 elementor-top-column elementor-element elementor-element-68e465b5\" data-id=\"68e465b5\" data-element_type=\"column\" data-e-type=\"column\">\n\t\t\t<div class=\"elementor-widget-wrap elementor-element-populated\">\n\t\t\t\t\t\t<div class=\"elementor-element elementor-element-469d86dc elementor-widget elementor-widget-heading\" data-id=\"469d86dc\" data-element_type=\"widget\" data-e-type=\"widget\" data-widget_type=\"heading.default\">\n\t\t\t\t<div class=\"elementor-widget-container\">\n\t\t\t\t\t<h2 class=\"elementor-heading-title elementor-size-default\">\u20ac350.000,-<\/h2>\t\t\t\t<\/div>\n\t\t\t\t<\/div>\n\t\t\t\t\t<\/div>\n\t\t<\/div>\n\t\t\t\t\t<\/div>\n\t\t<\/section>\n\t\t\t\t<section class=\"elementor-section elementor-top-section elementor-element elementor-element-4a98f304 elementor-section-full_width elementor-section-height-default elementor-section-height-default\" data-id=\"4a98f304\" data-element_type=\"section\" data-e-type=\"section\" data-settings=\"{&quot;background_background&quot;:&quot;classic&quot;}\">\n\t\t\t\t\t\t<div class=\"elementor-container elementor-column-gap-default\">\n\t\t\t\t\t<div class=\"elementor-column elementor-col-100 elementor-top-column elementor-element elementor-element-6c2829c\" data-id=\"6c2829c\" data-element_type=\"column\" data-e-type=\"column\">\n\t\t\t<div class=\"elementor-widget-wrap elementor-element-populated\">\n\t\t\t\t\t\t<div class=\"elementor-element elementor-element-65f0142b elementor-widget elementor-widget-text-editor\" data-id=\"65f0142b\" data-element_type=\"widget\" data-e-type=\"widget\" data-widget_type=\"text-editor.default\">\n\t\t\t\t<div class=\"elementor-widget-container\">\n\t\t\t\t\t\t\t\t\t<p><strong>Technical data:<\/strong><\/p><ul><li style=\"list-style-type: none;\"><ul><li style=\"list-style-type: none;\"><ul><li><strong>Engine:<\/strong>: V8, 6.332 ccm, approxomatly 250 hp<\/li><li><strong>Transmission:<\/strong>4-speed automatic transmission<\/li><li><strong>Brakes:<\/strong>4x disc brakes with brake booster<\/li><li><strong>Vehicle registration:<\/strong> Austrian papers<\/li><li><strong>Other<\/strong>: Leather interior, air conditioning, first registered in Austria, very well maintained original condition<\/li><\/ul><\/li><\/ul><\/li><\/ul><p><strong>General model history:<\/strong><\/p><p data-start=\"182\" data-end=\"631\">The Mercedes-Benz 600, internally designated as the W 100 series, was the brand's top-of-the-range model from its introduction in 1963 until the end of production in 1981 and was regarded worldwide as a symbol of technical progress, luxury and prestige. It was the first Mercedes-Benz vehicle to feature fully hydraulic comfort controls for windows, seats, boot lid and partition screen \u2013 a technological masterpiece of its time.<\/p><p data-start=\"633\" data-end=\"962\">Under the long bonnet was a 6.3-litre V8 engine with 250 hp, which offered impressive smoothness and power delivery. The air suspension chassis and excellent noise insulation ensured maximum driving comfort, while Paul Bracq's striking, dignified design underlined the character of a state car.<\/p><p data-start=\"964\" data-end=\"1263\">In addition to the \u2018short\u2019 saloon, an even more exclusive long version was developed, the 600 Pullman, available with either four or six doors. These models were the vehicles of choice for heads of state, royalty and important personalities \u2013 the 600 Pullman quickly became an automotive legend.<\/p><p><strong>Explicit data about this car:<\/strong><\/p><p data-start=\"642\" data-end=\"827\">This model is a Mercedes-Benz 600 Pullman with four doors (long version). It is one of the extremely rare vehicles in this series \u2013 only 304 were produced in total.<\/p><p data-start=\"829\" data-end=\"1259\">The car was first registered in Germany in 1972, was second-hand from 1974 to 2007, and has been owned by its third owner since 2007. According to the speedometer, the vehicle has a mileage of 03441 km (equivalent to a jump to 103,441 km).<br data-start=\"1102\" data-end=\"1105\" \/>Confirmations of the most recent workshop repairs are available and will be submitted later, as the vehicle is currently undergoing inspection at the workshop.<\/p><p data-start=\"1261\" data-end=\"1534\">The car is in very good, original condition, which underlines its authenticity and value. The paintwork, interior and technical components are in excellent condition and reflect the exceptional quality of the manufacturing standards of the time.<\/p><p data-start=\"1536\" data-end=\"1819\">With its impressive presence, unrivalled smoothness and luxurious ambience, this vehicle represents the pinnacle of German engineering and automotive prestige \u2013 a testament to an era in which the Mercedes-Benz 600 was considered \u2018the best car in the world\u2019.<\/p><p>Take the opportunity to acquire a piece of automotive history and experience driving pleasure at the highest level. Contact us for more information or to arrange a viewing appointment.<\/p><ul><li style=\"list-style-type: none;\"><ul><li style=\"list-style-type: none;\">\u00a0<\/li><\/ul><\/li><\/ul>\t\t\t\t\t\t\t\t<\/div>\n\t\t\t\t<\/div>\n\t\t\t\t\t<\/div>\n\t\t<\/div>\n\t\t\t\t\t<\/div>\n\t\t<\/section>\n\t\t\t\t<section class=\"elementor-section elementor-top-section elementor-element elementor-element-5fdb269 elementor-section-boxed elementor-section-height-default elementor-section-height-default\" data-id=\"5fdb269\" data-element_type=\"section\" data-e-type=\"section\">\n\t\t\t\t\t\t<div class=\"elementor-container elementor-column-gap-default\">\n\t\t\t\t\t<div class=\"elementor-column elementor-col-100 elementor-top-column elementor-element elementor-element-e4d2c18\" data-id=\"e4d2c18\" data-element_type=\"column\" data-e-type=\"column\">\n\t\t\t<div class=\"elementor-widget-wrap elementor-element-populated\">\n\t\t\t\t\t\t<section class=\"elementor-section elementor-inner-section elementor-element elementor-element-9dd6a95 elementor-section-boxed elementor-section-height-default elementor-section-height-default\" data-id=\"9dd6a95\" data-element_type=\"section\" data-e-type=\"section\">\n\t\t\t\t\t\t<div class=\"elementor-container elementor-column-gap-default\">\n\t\t\t\t\t<div class=\"elementor-column elementor-col-50 elementor-inner-column elementor-element elementor-element-c1aa871\" data-id=\"c1aa871\" data-element_type=\"column\" data-e-type=\"column\">\n\t\t\t<div class=\"elementor-widget-wrap\">\n\t\t\t\t\t\t\t<\/div>\n\t\t<\/div>\n\t\t\t\t<div class=\"elementor-column elementor-col-50 elementor-inner-column elementor-element elementor-element-7ebb664\" data-id=\"7ebb664\" data-element_type=\"column\" data-e-type=\"column\">\n\t\t\t<div class=\"elementor-widget-wrap\">\n\t\t\t\t\t\t\t<\/div>\n\t\t<\/div>\n\t\t\t\t\t<\/div>\n\t\t<\/section>\n\t\t\t\t\t<\/div>\n\t\t<\/div>\n\t\t\t\t\t<\/div>\n\t\t<\/section>\n\t\t\t\t<\/div>","protected":false},"excerpt":{"rendered":"<p>MERCEDES 600 PULLMAN \u20ac350.000,- Technische Daten: Motor: V8, 6.332 ccm, ca. 250 PS Getriebe: 4 Gang Automatik Bremsen: 4x Scheibenbremsen mit Bremskraftverst\u00e4rker Zulassung: \u00d6sterreichische Papiere Sonstiges: Lederinterieur, Klimaanlage, \u00f6sterreichische Erstauslieferung, sehr gepflegter Originalzustand Allgemeine Modellgeschichte: Der Mercedes-Benz 600, intern als Baureihe W 100 bezeichnet, war von seiner Einf\u00fchrung im Jahr 1963 bis zum Produktionsende 1981 &hellip; <\/p>\n<p class=\"link-more\"><a href=\"https:\/\/wittnercollectiblecars.com\/en\/mercedes-600-pullman\/\" class=\"more-link\">Read more<span class=\"screen-reader-text\"> &#8222;Mercedes 600 Pullman&#8220;<\/span><\/a><\/p>","protected":false},"author":1,"featured_media":0,"parent":0,"menu_order":0,"comment_status":"closed","ping_status":"closed","template":"elementor_header_footer","meta":{"_themeisle_gutenberg_block_has_review":false,"inspiro_hide_title":false,"footnotes":""},"class_list":["post-3482","page","type-page","status-publish","hentry"],"yoast_head":"<!-- This site is optimized with the Yoast SEO plugin v27.4 - https:\/\/yoast.com\/product\/yoast-seo-wordpress\/ -->\n<title>Mercedes 600 Pullman | Collectible Cars Wittner<\/title>\n<meta name=\"robots\" content=\"index, follow, max-snippet:-1, max-image-preview:large, max-video-preview:-1\" \/>\n<link rel=\"canonical\" href=\"https:\/\/wittnercollectiblecars.com\/en\/mercedes-600-pullman\/\" \/>\n<meta property=\"og:locale\" content=\"en_US\" \/>\n<meta property=\"og:type\" content=\"article\" \/>\n<meta property=\"og:title\" content=\"Mercedes 600 Pullman | Collectible Cars Wittner\" \/>\n<meta property=\"og:description\" content=\"MERCEDES 600 PULLMAN \u20ac350.000,- Technische Daten: Motor: V8, 6.332 ccm, ca. 250 PS Getriebe: 4 Gang Automatik Bremsen: 4x Scheibenbremsen mit Bremskraftverst\u00e4rker Zulassung: \u00d6sterreichische Papiere Sonstiges: Lederinterieur, Klimaanlage, \u00f6sterreichische Erstauslieferung, sehr gepflegter Originalzustand Allgemeine Modellgeschichte: Der Mercedes-Benz 600, intern als Baureihe W 100 bezeichnet, war von seiner Einf\u00fchrung im Jahr 1963 bis zum Produktionsende 1981 &hellip; Read more &quot;Mercedes 600 Pullman&quot;\" \/>\n<meta property=\"og:url\" content=\"https:\/\/wittnercollectiblecars.com\/en\/mercedes-600-pullman\/\" \/>\n<meta property=\"og:site_name\" content=\"Collectible Cars Wittner\" \/>\n<meta property=\"article:publisher\" content=\"https:\/\/www.facebook.com\/search\/top?q=partscollectionwittner&amp;locale=de_DE\" \/>\n<meta property=\"article:modified_time\" content=\"2025-10-17T22:00:30+00:00\" \/>\n<meta property=\"og:image\" content=\"https:\/\/wittnercollectiblecars.com\/wp-content\/uploads\/2025\/10\/DSC_9132-1024x683.jpg\" \/>\n<meta name=\"twitter:card\" content=\"summary_large_image\" \/>\n<meta name=\"twitter:label1\" content=\"Est. reading time\" \/>\n\t<meta name=\"twitter:data1\" content=\"4 minutes\" \/>\n<script type=\"application\/ld+json\" class=\"yoast-schema-graph\">{\"@context\":\"https:\\\/\\\/schema.org\",\"@graph\":[{\"@type\":\"WebPage\",\"@id\":\"https:\\\/\\\/wittnercollectiblecars.com\\\/mercedes-600-pullman\\\/\",\"url\":\"https:\\\/\\\/wittnercollectiblecars.com\\\/mercedes-600-pullman\\\/\",\"name\":\"Mercedes 600 Pullman | Collectible Cars Wittner\",\"isPartOf\":{\"@id\":\"https:\\\/\\\/wittnercollectiblecars.com\\\/#website\"},\"primaryImageOfPage\":{\"@id\":\"https:\\\/\\\/wittnercollectiblecars.com\\\/mercedes-600-pullman\\\/#primaryimage\"},\"image\":{\"@id\":\"https:\\\/\\\/wittnercollectiblecars.com\\\/mercedes-600-pullman\\\/#primaryimage\"},\"thumbnailUrl\":\"https:\\\/\\\/wittnercollectiblecars.com\\\/wp-content\\\/uploads\\\/2025\\\/10\\\/DSC_9132-1024x683.jpg\",\"datePublished\":\"2025-10-06T11:02:06+00:00\",\"dateModified\":\"2025-10-17T22:00:30+00:00\",\"breadcrumb\":{\"@id\":\"https:\\\/\\\/wittnercollectiblecars.com\\\/mercedes-600-pullman\\\/#breadcrumb\"},\"inLanguage\":\"en-US\",\"potentialAction\":[{\"@type\":\"ReadAction\",\"target\":[\"https:\\\/\\\/wittnercollectiblecars.com\\\/mercedes-600-pullman\\\/\"]}]},{\"@type\":\"ImageObject\",\"inLanguage\":\"en-US\",\"@id\":\"https:\\\/\\\/wittnercollectiblecars.com\\\/mercedes-600-pullman\\\/#primaryimage\",\"url\":\"https:\\\/\\\/wittnercollectiblecars.com\\\/wp-content\\\/uploads\\\/2025\\\/10\\\/DSC_9132-1024x683.jpg\",\"contentUrl\":\"https:\\\/\\\/wittnercollectiblecars.com\\\/wp-content\\\/uploads\\\/2025\\\/10\\\/DSC_9132-1024x683.jpg\"},{\"@type\":\"BreadcrumbList\",\"@id\":\"https:\\\/\\\/wittnercollectiblecars.com\\\/mercedes-600-pullman\\\/#breadcrumb\",\"itemListElement\":[{\"@type\":\"ListItem\",\"position\":1,\"name\":\"Startseite\",\"item\":\"https:\\\/\\\/wittnercollectiblecars.com\\\/\"},{\"@type\":\"ListItem\",\"position\":2,\"name\":\"Mercedes 600 Pullman\"}]},{\"@type\":\"WebSite\",\"@id\":\"https:\\\/\\\/wittnercollectiblecars.com\\\/#website\",\"url\":\"https:\\\/\\\/wittnercollectiblecars.com\\\/\",\"name\":\"Collectible Cars Wittner\",\"description\":\"\",\"publisher\":{\"@id\":\"https:\\\/\\\/wittnercollectiblecars.com\\\/#organization\"},\"alternateName\":\"Franz Wittner GmbH\",\"potentialAction\":[{\"@type\":\"SearchAction\",\"target\":{\"@type\":\"EntryPoint\",\"urlTemplate\":\"https:\\\/\\\/wittnercollectiblecars.com\\\/?s={search_term_string}\"},\"query-input\":{\"@type\":\"PropertyValueSpecification\",\"valueRequired\":true,\"valueName\":\"search_term_string\"}}],\"inLanguage\":\"en-US\"},{\"@type\":\"Organization\",\"@id\":\"https:\\\/\\\/wittnercollectiblecars.com\\\/#organization\",\"name\":\"Collectible Cars Wittner\",\"alternateName\":\"Franz Wittner GmbH\",\"url\":\"https:\\\/\\\/wittnercollectiblecars.com\\\/\",\"logo\":{\"@type\":\"ImageObject\",\"inLanguage\":\"en-US\",\"@id\":\"https:\\\/\\\/wittnercollectiblecars.com\\\/#\\\/schema\\\/logo\\\/image\\\/\",\"url\":\"https:\\\/\\\/wittnercollectiblecars.com\\\/wp-content\\\/uploads\\\/2024\\\/08\\\/Wittner-1.png\",\"contentUrl\":\"https:\\\/\\\/wittnercollectiblecars.com\\\/wp-content\\\/uploads\\\/2024\\\/08\\\/Wittner-1.png\",\"width\":500,\"height\":500,\"caption\":\"Collectible Cars Wittner\"},\"image\":{\"@id\":\"https:\\\/\\\/wittnercollectiblecars.com\\\/#\\\/schema\\\/logo\\\/image\\\/\"},\"sameAs\":[\"https:\\\/\\\/www.facebook.com\\\/search\\\/top?q=partscollectionwittner&locale=de_DE\",\"https:\\\/\\\/www.instagram.com\\\/partscollection\\\/\",\"https:\\\/\\\/www.linkedin.com\\\/in\\\/franz-wittner-61069770\\\/\",\"https:\\\/\\\/www.youtube.com\\\/@CollectibleCarsWittner\",\"https:\\\/\\\/www.classic-trader.com\\\/at\\\/haendler\\\/franz-wittner-gmbh\\\/99892\"]}]}<\/script>\n<!-- \/ Yoast SEO plugin. -->","yoast_head_json":{"title":"Mercedes 600 Pullman | Collectible Cars Wittner","robots":{"index":"index","follow":"follow","max-snippet":"max-snippet:-1","max-image-preview":"max-image-preview:large","max-video-preview":"max-video-preview:-1"},"canonical":"https:\/\/wittnercollectiblecars.com\/en\/mercedes-600-pullman\/","og_locale":"en_US","og_type":"article","og_title":"Mercedes 600 Pullman | Collectible Cars Wittner","og_description":"MERCEDES 600 PULLMAN \u20ac350.000,- Technische Daten: Motor: V8, 6.332 ccm, ca. 250 PS Getriebe: 4 Gang Automatik Bremsen: 4x Scheibenbremsen mit Bremskraftverst\u00e4rker Zulassung: \u00d6sterreichische Papiere Sonstiges: Lederinterieur, Klimaanlage, \u00f6sterreichische Erstauslieferung, sehr gepflegter Originalzustand Allgemeine Modellgeschichte: Der Mercedes-Benz 600, intern als Baureihe W 100 bezeichnet, war von seiner Einf\u00fchrung im Jahr 1963 bis zum Produktionsende 1981 &hellip; Read more \"Mercedes 600 Pullman\"","og_url":"https:\/\/wittnercollectiblecars.com\/en\/mercedes-600-pullman\/","og_site_name":"Collectible Cars Wittner","article_publisher":"https:\/\/www.facebook.com\/search\/top?q=partscollectionwittner&locale=de_DE","article_modified_time":"2025-10-17T22:00:30+00:00","og_image":[{"url":"https:\/\/wittnercollectiblecars.com\/wp-content\/uploads\/2025\/10\/DSC_9132-1024x683.jpg","type":"","width":"","height":""}],"twitter_card":"summary_large_image","twitter_misc":{"Est. reading time":"4 minutes"},"schema":{"@context":"https:\/\/schema.org","@graph":[{"@type":"WebPage","@id":"https:\/\/wittnercollectiblecars.com\/mercedes-600-pullman\/","url":"https:\/\/wittnercollectiblecars.com\/mercedes-600-pullman\/","name":"Mercedes 600 Pullman | Collectible Cars Wittner","isPartOf":{"@id":"https:\/\/wittnercollectiblecars.com\/#website"},"primaryImageOfPage":{"@id":"https:\/\/wittnercollectiblecars.com\/mercedes-600-pullman\/#primaryimage"},"image":{"@id":"https:\/\/wittnercollectiblecars.com\/mercedes-600-pullman\/#primaryimage"},"thumbnailUrl":"https:\/\/wittnercollectiblecars.com\/wp-content\/uploads\/2025\/10\/DSC_9132-1024x683.jpg","datePublished":"2025-10-06T11:02:06+00:00","dateModified":"2025-10-17T22:00:30+00:00","breadcrumb":{"@id":"https:\/\/wittnercollectiblecars.com\/mercedes-600-pullman\/#breadcrumb"},"inLanguage":"en-US","potentialAction":[{"@type":"ReadAction","target":["https:\/\/wittnercollectiblecars.com\/mercedes-600-pullman\/"]}]},{"@type":"ImageObject","inLanguage":"en-US","@id":"https:\/\/wittnercollectiblecars.com\/mercedes-600-pullman\/#primaryimage","url":"https:\/\/wittnercollectiblecars.com\/wp-content\/uploads\/2025\/10\/DSC_9132-1024x683.jpg","contentUrl":"https:\/\/wittnercollectiblecars.com\/wp-content\/uploads\/2025\/10\/DSC_9132-1024x683.jpg"},{"@type":"BreadcrumbList","@id":"https:\/\/wittnercollectiblecars.com\/mercedes-600-pullman\/#breadcrumb","itemListElement":[{"@type":"ListItem","position":1,"name":"Startseite","item":"https:\/\/wittnercollectiblecars.com\/"},{"@type":"ListItem","position":2,"name":"Mercedes 600 Pullman"}]},{"@type":"WebSite","@id":"https:\/\/wittnercollectiblecars.com\/#website","url":"https:\/\/wittnercollectiblecars.com\/","name":"Collectible Cars Wittner","description":"","publisher":{"@id":"https:\/\/wittnercollectiblecars.com\/#organization"},"alternateName":"Franz Wittner GmbH","potentialAction":[{"@type":"SearchAction","target":{"@type":"EntryPoint","urlTemplate":"https:\/\/wittnercollectiblecars.com\/?s={search_term_string}"},"query-input":{"@type":"PropertyValueSpecification","valueRequired":true,"valueName":"search_term_string"}}],"inLanguage":"en-US"},{"@type":"Organization","@id":"https:\/\/wittnercollectiblecars.com\/#organization","name":"Collectible Cars Wittner","alternateName":"Franz Wittner GmbH","url":"https:\/\/wittnercollectiblecars.com\/","logo":{"@type":"ImageObject","inLanguage":"en-US","@id":"https:\/\/wittnercollectiblecars.com\/#\/schema\/logo\/image\/","url":"https:\/\/wittnercollectiblecars.com\/wp-content\/uploads\/2024\/08\/Wittner-1.png","contentUrl":"https:\/\/wittnercollectiblecars.com\/wp-content\/uploads\/2024\/08\/Wittner-1.png","width":500,"height":500,"caption":"Collectible Cars Wittner"},"image":{"@id":"https:\/\/wittnercollectiblecars.com\/#\/schema\/logo\/image\/"},"sameAs":["https:\/\/www.facebook.com\/search\/top?q=partscollectionwittner&locale=de_DE","https:\/\/www.instagram.com\/partscollection\/","https:\/\/www.linkedin.com\/in\/franz-wittner-61069770\/","https:\/\/www.youtube.com\/@CollectibleCarsWittner","https:\/\/www.classic-trader.com\/at\/haendler\/franz-wittner-gmbh\/99892"]}]}},"_links":{"self":[{"href":"https:\/\/wittnercollectiblecars.com\/en\/wp-json\/wp\/v2\/pages\/3482","targetHints":{"allow":["GET"]}}],"collection":[{"href":"https:\/\/wittnercollectiblecars.com\/en\/wp-json\/wp\/v2\/pages"}],"about":[{"href":"https:\/\/wittnercollectiblecars.com\/en\/wp-json\/wp\/v2\/types\/page"}],"author":[{"embeddable":true,"href":"https:\/\/wittnercollectiblecars.com\/en\/wp-json\/wp\/v2\/users\/1"}],"replies":[{"embeddable":true,"href":"https:\/\/wittnercollectiblecars.com\/en\/wp-json\/wp\/v2\/comments?post=3482"}],"version-history":[{"count":16,"href":"https:\/\/wittnercollectiblecars.com\/en\/wp-json\/wp\/v2\/pages\/3482\/revisions"}],"predecessor-version":[{"id":3688,"href":"https:\/\/wittnercollectiblecars.com\/en\/wp-json\/wp\/v2\/pages\/3482\/revisions\/3688"}],"wp:attachment":[{"href":"https:\/\/wittnercollectiblecars.com\/en\/wp-json\/wp\/v2\/media?parent=3482"}],"curies":[{"name":"wp","href":"https:\/\/api.w.org\/{rel}","templated":true}]}}