{"id":2470,"date":"2024-10-20T11:58:51","date_gmt":"2024-10-20T11:58:51","guid":{"rendered":"https:\/\/wittnercollectiblecars.com\/?page_id=2470"},"modified":"2024-10-20T12:08:03","modified_gmt":"2024-10-20T12:08:03","slug":"ennstal-classic-2024","status":"publish","type":"page","link":"https:\/\/wittnercollectiblecars.com\/en\/ennstal-classic-2024\/","title":{"rendered":"Ennstal Classic 2024"},"content":{"rendered":"<div data-elementor-type=\"wp-page\" data-elementor-id=\"2470\" class=\"elementor elementor-2470\" wpc-filter-elementor-widget=\"1\" data-elementor-post-type=\"page\">\n\t\t\t\t\t\t<section class=\"elementor-section elementor-top-section elementor-element elementor-element-c5b55ba elementor-section-boxed elementor-section-height-default elementor-section-height-default\" data-id=\"c5b55ba\" data-element_type=\"section\" data-e-type=\"section\">\n\t\t\t\t\t\t<div class=\"elementor-container elementor-column-gap-default\">\n\t\t\t\t\t<div class=\"elementor-column elementor-col-33 elementor-top-column elementor-element elementor-element-607ef57\" data-id=\"607ef57\" data-element_type=\"column\" data-e-type=\"column\">\n\t\t\t<div class=\"elementor-widget-wrap elementor-element-populated\">\n\t\t\t\t\t\t<div class=\"elementor-element elementor-element-70dd3ef elementor-widget elementor-widget-image\" data-id=\"70dd3ef\" data-element_type=\"widget\" data-e-type=\"widget\" data-widget_type=\"image.default\">\n\t\t\t\t<div class=\"elementor-widget-container\">\n\t\t\t\t\t\t\t\t\t\t\t\t\t\t\t<img fetchpriority=\"high\" decoding=\"async\" width=\"950\" height=\"534\" src=\"https:\/\/wittnercollectiblecars.com\/wp-content\/uploads\/2024\/10\/image00008-1024x576.jpeg\" class=\"attachment-large size-large wp-image-2453\" alt=\"\" srcset=\"https:\/\/wittnercollectiblecars.com\/wp-content\/uploads\/2024\/10\/image00008-1024x576.jpeg 1024w, https:\/\/wittnercollectiblecars.com\/wp-content\/uploads\/2024\/10\/image00008-300x169.jpeg 300w, https:\/\/wittnercollectiblecars.com\/wp-content\/uploads\/2024\/10\/image00008-2000x1125.jpeg 2000w, https:\/\/wittnercollectiblecars.com\/wp-content\/uploads\/2024\/10\/image00008-scaled-18x10.jpeg 18w, https:\/\/wittnercollectiblecars.com\/wp-content\/uploads\/2024\/10\/image00008-scaled-1536x864.jpeg 1536w, https:\/\/wittnercollectiblecars.com\/wp-content\/uploads\/2024\/10\/image00008-scaled-2048x1152.jpeg 2048w, https:\/\/wittnercollectiblecars.com\/wp-content\/uploads\/2024\/10\/image00008-scaled-600x338.jpeg 600w\" sizes=\"100vw\" \/>\t\t\t\t\t\t\t\t\t\t\t\t\t\t\t<\/div>\n\t\t\t\t<\/div>\n\t\t\t\t\t<\/div>\n\t\t<\/div>\n\t\t\t\t<div class=\"elementor-column elementor-col-33 elementor-top-column elementor-element elementor-element-b12ed48\" data-id=\"b12ed48\" data-element_type=\"column\" data-e-type=\"column\">\n\t\t\t<div class=\"elementor-widget-wrap elementor-element-populated\">\n\t\t\t\t\t\t<div class=\"elementor-element elementor-element-d81392c elementor-widget elementor-widget-image\" data-id=\"d81392c\" data-element_type=\"widget\" data-e-type=\"widget\" data-widget_type=\"image.default\">\n\t\t\t\t<div class=\"elementor-widget-container\">\n\t\t\t\t\t\t\t\t\t\t\t\t\t\t\t<img decoding=\"async\" width=\"311\" height=\"162\" data-src=\"https:\/\/wittnercollectiblecars.com\/wp-content\/uploads\/2024\/10\/ennstal.png\" class=\"attachment-large size-large wp-image-2472 lazyload\" alt=\"\" data-srcset=\"https:\/\/wittnercollectiblecars.com\/wp-content\/uploads\/2024\/10\/ennstal.png 311w, https:\/\/wittnercollectiblecars.com\/wp-content\/uploads\/2024\/10\/ennstal-300x156.png 300w, https:\/\/wittnercollectiblecars.com\/wp-content\/uploads\/2024\/10\/ennstal-18x9.png 18w\" data-sizes=\"100vw\" src=\"data:image\/svg+xml;base64,PHN2ZyB3aWR0aD0iMSIgaGVpZ2h0PSIxIiB4bWxucz0iaHR0cDovL3d3dy53My5vcmcvMjAwMC9zdmciPjwvc3ZnPg==\" style=\"--smush-placeholder-width: 311px; --smush-placeholder-aspect-ratio: 311\/162;\" \/>\t\t\t\t\t\t\t\t\t\t\t\t\t\t\t<\/div>\n\t\t\t\t<\/div>\n\t\t\t\t\t<\/div>\n\t\t<\/div>\n\t\t\t\t<div class=\"elementor-column elementor-col-33 elementor-top-column elementor-element elementor-element-edbfc33\" data-id=\"edbfc33\" data-element_type=\"column\" data-e-type=\"column\">\n\t\t\t<div class=\"elementor-widget-wrap elementor-element-populated\">\n\t\t\t\t\t\t<div class=\"elementor-element elementor-element-06946fa elementor-widget elementor-widget-image\" data-id=\"06946fa\" data-element_type=\"widget\" data-e-type=\"widget\" data-widget_type=\"image.default\">\n\t\t\t\t<div class=\"elementor-widget-container\">\n\t\t\t\t\t\t\t\t\t\t\t\t\t\t\t<img decoding=\"async\" width=\"950\" height=\"534\" data-src=\"https:\/\/wittnercollectiblecars.com\/wp-content\/uploads\/2024\/10\/image00012-1024x576.jpeg\" class=\"attachment-large size-large wp-image-2473 lazyload\" alt=\"\" data-srcset=\"https:\/\/wittnercollectiblecars.com\/wp-content\/uploads\/2024\/10\/image00012-1024x576.jpeg 1024w, https:\/\/wittnercollectiblecars.com\/wp-content\/uploads\/2024\/10\/image00012-300x169.jpeg 300w, https:\/\/wittnercollectiblecars.com\/wp-content\/uploads\/2024\/10\/image00012-2000x1125.jpeg 2000w, https:\/\/wittnercollectiblecars.com\/wp-content\/uploads\/2024\/10\/image00012-scaled-18x10.jpeg 18w, https:\/\/wittnercollectiblecars.com\/wp-content\/uploads\/2024\/10\/image00012-scaled-1536x864.jpeg 1536w, https:\/\/wittnercollectiblecars.com\/wp-content\/uploads\/2024\/10\/image00012-scaled-2048x1152.jpeg 2048w, https:\/\/wittnercollectiblecars.com\/wp-content\/uploads\/2024\/10\/image00012-scaled-600x338.jpeg 600w\" data-sizes=\"100vw\" src=\"data:image\/svg+xml;base64,PHN2ZyB3aWR0aD0iMSIgaGVpZ2h0PSIxIiB4bWxucz0iaHR0cDovL3d3dy53My5vcmcvMjAwMC9zdmciPjwvc3ZnPg==\" style=\"--smush-placeholder-width: 950px; --smush-placeholder-aspect-ratio: 950\/534;\" \/>\t\t\t\t\t\t\t\t\t\t\t\t\t\t\t<\/div>\n\t\t\t\t<\/div>\n\t\t\t\t\t<\/div>\n\t\t<\/div>\n\t\t\t\t\t<\/div>\n\t\t<\/section>\n\t\t\t\t<section class=\"elementor-section elementor-top-section elementor-element elementor-element-b41c83a elementor-section-boxed elementor-section-height-default elementor-section-height-default\" data-id=\"b41c83a\" data-element_type=\"section\" data-e-type=\"section\">\n\t\t\t\t\t\t<div class=\"elementor-container elementor-column-gap-default\">\n\t\t\t\t\t<div class=\"elementor-column elementor-col-100 elementor-top-column elementor-element elementor-element-687d3f6\" data-id=\"687d3f6\" data-element_type=\"column\" data-e-type=\"column\">\n\t\t\t<div class=\"elementor-widget-wrap elementor-element-populated\">\n\t\t\t\t\t\t<div class=\"elementor-element elementor-element-49cbfa9 elementor-widget elementor-widget-text-editor\" data-id=\"49cbfa9\" data-element_type=\"widget\" data-e-type=\"widget\" data-widget_type=\"text-editor.default\">\n\t\t\t\t<div class=\"elementor-widget-container\">\n\t\t\t\t\t\t\t\t\t<p data-olk-copy-source=\"MessageBody\"><span style=\"color: #000000;\">Sehr geehrte Kundinnen und Kunden,<\/span><br \/><span style=\"color: #000000;\">liebe Freundinnen und Freunde,<\/span><\/p><p data-olk-copy-source=\"MessageBody\"><span style=\"color: #000000;\">Im Juli war\u00a0<strong>Collectible Cars Wittner\u00a0<\/strong>erneut bei der\u00a0<a style=\"color: #000000;\" href=\"https:\/\/wittnercollectiblecars.us14.list-manage.com\/track\/click?u=4844724ec6da1577f8f4a7be6&amp;id=571776390e&amp;e=cea746c722\" data-auth=\"NotApplicable\" data-linkindex=\"12\"><strong>Ennstal Classic 2024\u00a0<\/strong><\/a>vertreten. Unser Familienteam, bestehend aus meiner Tochter Isabella und meinem Sohn Maximilian, trat mit einem Porsche 911 S, Baujahr 1970, an.\u00a0<a style=\"color: #000000;\" href=\"https:\/\/wittnercollectiblecars.us14.list-manage.com\/track\/click?u=4844724ec6da1577f8f4a7be6&amp;id=eacd2cd236&amp;e=cea746c722\" data-auth=\"NotApplicable\" data-linkindex=\"13\"><strong>Martin Utberg<\/strong><\/a>\u00a0und ich selbst hatten das Vergn\u00fcgen mit meinem Mercedes 220 durch die malerische Landschaft des\u00a0<strong>Ennstals\u00a0<\/strong>zu fahren. Dabei entstand ein\u00a0<strong>spannender Film\u00a0<\/strong>f\u00fcr\u00a0<a style=\"color: #000000;\" href=\"https:\/\/wittnercollectiblecars.us14.list-manage.com\/track\/click?u=4844724ec6da1577f8f4a7be6&amp;id=eedcd97020&amp;e=cea746c722\" data-auth=\"NotApplicable\" data-linkindex=\"14\"><strong>Top Speed TV<\/strong><\/a><strong>,<\/strong>\u00a0der hier angesehen werden kann:<\/span><\/p>\t\t\t\t\t\t\t\t<\/div>\n\t\t\t\t<\/div>\n\t\t\t\t\t<\/div>\n\t\t<\/div>\n\t\t\t\t\t<\/div>\n\t\t<\/section>\n\t\t\t\t<section class=\"elementor-section elementor-top-section elementor-element elementor-element-b255835 elementor-section-boxed elementor-section-height-default elementor-section-height-default\" data-id=\"b255835\" data-element_type=\"section\" data-e-type=\"section\">\n\t\t\t\t\t\t<div class=\"elementor-container elementor-column-gap-default\">\n\t\t\t\t\t<div class=\"elementor-column elementor-col-100 elementor-top-column elementor-element elementor-element-59d8584\" data-id=\"59d8584\" data-element_type=\"column\" data-e-type=\"column\">\n\t\t\t<div class=\"elementor-widget-wrap elementor-element-populated\">\n\t\t\t\t\t\t<div class=\"elementor-element elementor-element-eb68a2d elementor-widget elementor-widget-video\" data-id=\"eb68a2d\" data-element_type=\"widget\" data-e-type=\"widget\" data-settings=\"{&quot;youtube_url&quot;:&quot;https:\\\/\\\/www.youtube.com\\\/watch?v=NtrAPsYpSgk&amp;t=1075s&quot;,&quot;video_type&quot;:&quot;youtube&quot;,&quot;controls&quot;:&quot;yes&quot;}\" data-widget_type=\"video.default\">\n\t\t\t\t<div class=\"elementor-widget-container\">\n\t\t\t\t\t\t\t<div class=\"elementor-wrapper elementor-open-inline\">\n\t\t\t<div class=\"elementor-video\"><\/div>\t\t<\/div>\n\t\t\t\t\t\t<\/div>\n\t\t\t\t<\/div>\n\t\t\t\t\t<\/div>\n\t\t<\/div>\n\t\t\t\t\t<\/div>\n\t\t<\/section>\n\t\t\t\t<section class=\"elementor-section elementor-top-section elementor-element elementor-element-f6edddc elementor-section-boxed elementor-section-height-default elementor-section-height-default\" data-id=\"f6edddc\" data-element_type=\"section\" data-e-type=\"section\">\n\t\t\t\t\t\t<div class=\"elementor-container elementor-column-gap-default\">\n\t\t\t\t\t<div class=\"elementor-column elementor-col-100 elementor-top-column elementor-element elementor-element-5cfcf5a\" data-id=\"5cfcf5a\" data-element_type=\"column\" data-e-type=\"column\">\n\t\t\t<div class=\"elementor-widget-wrap elementor-element-populated\">\n\t\t\t\t\t\t<div class=\"elementor-element elementor-element-d9e1cbe elementor-widget elementor-widget-text-editor\" data-id=\"d9e1cbe\" data-element_type=\"widget\" data-e-type=\"widget\" data-widget_type=\"text-editor.default\">\n\t\t\t\t<div class=\"elementor-widget-container\">\n\t\t\t\t\t\t\t\t\t<p data-olk-copy-source=\"MessageBody\"><span style=\"color: #000000;\">Urspr\u00fcnglich war auch geplant, dass unser oft bew\u00e4hrter roter Porsche 912 zusammen mit der<strong>\u00a0Rallye-Legende\u00a0<\/strong><a style=\"color: #000000;\" href=\"https:\/\/wittnercollectiblecars.us14.list-manage.com\/track\/click?u=4844724ec6da1577f8f4a7be6&amp;id=3817f73550&amp;e=cea746c722\" data-auth=\"NotApplicable\" data-linkindex=\"17\"><strong>Hans-Joachim Stuck<\/strong><\/a><strong>\u00a0<\/strong>an den Start geht. Leider musste die Nennung aus gesundheitlichen Gr\u00fcnden zur\u00fcckgezogen werden. An dieser Stelle w\u00fcnschen wir eine schnelle und vollst\u00e4ndige Genesung.<\/span><\/p><p class=\"x_last-child\"><span style=\"color: #000000;\"><strong>Drohnenfl\u00fcge\u00a0<\/strong>vom Ennstal Classic Er\u00f6ffnungsevent von\u00a0<a style=\"color: #000000;\" href=\"https:\/\/wittnercollectiblecars.us14.list-manage.com\/track\/click?u=4844724ec6da1577f8f4a7be6&amp;id=ce17363eea&amp;e=cea746c722\" data-auth=\"NotApplicable\" data-linkindex=\"18\">Konstantin Antensteiner:<\/a><\/span><\/p>\t\t\t\t\t\t\t\t<\/div>\n\t\t\t\t<\/div>\n\t\t\t\t\t<\/div>\n\t\t<\/div>\n\t\t\t\t\t<\/div>\n\t\t<\/section>\n\t\t\t\t<section class=\"elementor-section elementor-top-section elementor-element elementor-element-7e8535b elementor-section-boxed elementor-section-height-default elementor-section-height-default\" data-id=\"7e8535b\" data-element_type=\"section\" data-e-type=\"section\">\n\t\t\t\t\t\t<div class=\"elementor-container elementor-column-gap-default\">\n\t\t\t\t\t<div class=\"elementor-column elementor-col-100 elementor-top-column elementor-element elementor-element-898b8eb\" data-id=\"898b8eb\" data-element_type=\"column\" data-e-type=\"column\">\n\t\t\t<div class=\"elementor-widget-wrap elementor-element-populated\">\n\t\t\t\t\t\t<div class=\"elementor-element elementor-element-2d0e855 elementor-widget elementor-widget-video\" data-id=\"2d0e855\" data-element_type=\"widget\" data-e-type=\"widget\" data-settings=\"{&quot;youtube_url&quot;:&quot;https:\\\/\\\/www.youtube.com\\\/watch?v=97bjQxQKay4&amp;t=4s&quot;,&quot;video_type&quot;:&quot;youtube&quot;,&quot;controls&quot;:&quot;yes&quot;}\" data-widget_type=\"video.default\">\n\t\t\t\t<div class=\"elementor-widget-container\">\n\t\t\t\t\t\t\t<div class=\"elementor-wrapper elementor-open-inline\">\n\t\t\t<div class=\"elementor-video\"><\/div>\t\t<\/div>\n\t\t\t\t\t\t<\/div>\n\t\t\t\t<\/div>\n\t\t\t\t\t<\/div>\n\t\t<\/div>\n\t\t\t\t\t<\/div>\n\t\t<\/section>\n\t\t\t\t<section class=\"elementor-section elementor-top-section elementor-element elementor-element-eeeaeed elementor-section-boxed elementor-section-height-default elementor-section-height-default\" data-id=\"eeeaeed\" data-element_type=\"section\" data-e-type=\"section\">\n\t\t\t\t\t\t<div class=\"elementor-container elementor-column-gap-default\">\n\t\t\t\t\t<div class=\"elementor-column elementor-col-100 elementor-top-column elementor-element elementor-element-828afbf\" data-id=\"828afbf\" data-element_type=\"column\" data-e-type=\"column\">\n\t\t\t<div class=\"elementor-widget-wrap elementor-element-populated\">\n\t\t\t\t\t\t<div class=\"elementor-element elementor-element-92bc197 elementor-widget elementor-widget-text-editor\" data-id=\"92bc197\" data-element_type=\"widget\" data-e-type=\"widget\" data-widget_type=\"text-editor.default\">\n\t\t\t\t<div class=\"elementor-widget-container\">\n\t\t\t\t\t\t\t\t\t<p data-olk-copy-source=\"MessageBody\"><span style=\"color: #000000;\">Wir freuen uns auf Eure Besuche, Kontakte und R\u00fcckmeldungen und bedanken uns schon jetzt f\u00fcr Eure freundschaftliche Treue.\u00a0<\/span><\/p><p class=\"x_last-child\"><span style=\"color: #000000;\">Euer Franz Wittner und Collectible Cars Team<\/span><\/p><p class=\"x_last-child\">\u00a0<\/p>\t\t\t\t\t\t\t\t<\/div>\n\t\t\t\t<\/div>\n\t\t\t\t\t<\/div>\n\t\t<\/div>\n\t\t\t\t\t<\/div>\n\t\t<\/section>\n\t\t\t\t<\/div>","protected":false},"excerpt":{"rendered":"<p>Sehr geehrte Kundinnen und Kunden,liebe Freundinnen und Freunde, Im Juli war\u00a0Collectible Cars Wittner\u00a0erneut bei der\u00a0Ennstal Classic 2024\u00a0vertreten. Unser Familienteam, bestehend aus meiner Tochter Isabella und meinem Sohn Maximilian, trat mit einem Porsche 911 S, Baujahr 1970, an.\u00a0Martin Utberg\u00a0und ich selbst hatten das Vergn\u00fcgen mit meinem Mercedes 220 durch die malerische Landschaft des\u00a0Ennstals\u00a0zu fahren. Dabei entstand &hellip; <\/p>\n<p class=\"link-more\"><a href=\"https:\/\/wittnercollectiblecars.com\/en\/ennstal-classic-2024\/\" class=\"more-link\">Read more<span class=\"screen-reader-text\"> &#8222;Ennstal Classic 2024&#8220;<\/span><\/a><\/p>","protected":false},"author":1,"featured_media":0,"parent":0,"menu_order":0,"comment_status":"closed","ping_status":"closed","template":"","meta":{"_themeisle_gutenberg_block_has_review":false,"inspiro_hide_title":false,"footnotes":""},"class_list":["post-2470","page","type-page","status-publish","hentry"],"yoast_head":"<!-- This site is optimized with the Yoast SEO plugin v27.4 - https:\/\/yoast.com\/product\/yoast-seo-wordpress\/ -->\n<title>Ennstal Classic 2024 | Collectible Cars Wittner<\/title>\n<meta name=\"robots\" content=\"index, follow, max-snippet:-1, max-image-preview:large, max-video-preview:-1\" \/>\n<link rel=\"canonical\" href=\"https:\/\/wittnercollectiblecars.com\/en\/ennstal-classic-2024\/\" \/>\n<meta property=\"og:locale\" content=\"en_US\" \/>\n<meta property=\"og:type\" content=\"article\" \/>\n<meta property=\"og:title\" content=\"Ennstal Classic 2024 | Collectible Cars Wittner\" \/>\n<meta property=\"og:description\" content=\"Sehr geehrte Kundinnen und Kunden,liebe Freundinnen und Freunde, Im Juli war\u00a0Collectible Cars Wittner\u00a0erneut bei der\u00a0Ennstal Classic 2024\u00a0vertreten. Unser Familienteam, bestehend aus meiner Tochter Isabella und meinem Sohn Maximilian, trat mit einem Porsche 911 S, Baujahr 1970, an.\u00a0Martin Utberg\u00a0und ich selbst hatten das Vergn\u00fcgen mit meinem Mercedes 220 durch die malerische Landschaft des\u00a0Ennstals\u00a0zu fahren. Dabei entstand &hellip; Read more &quot;Ennstal Classic 2024&quot;\" \/>\n<meta property=\"og:url\" content=\"https:\/\/wittnercollectiblecars.com\/en\/ennstal-classic-2024\/\" \/>\n<meta property=\"og:site_name\" content=\"Collectible Cars Wittner\" \/>\n<meta property=\"article:publisher\" content=\"https:\/\/www.facebook.com\/search\/top?q=partscollectionwittner&amp;locale=de_DE\" \/>\n<meta property=\"article:modified_time\" content=\"2024-10-20T12:08:03+00:00\" \/>\n<meta property=\"og:image\" content=\"https:\/\/wittnercollectiblecars.com\/wp-content\/uploads\/2024\/10\/image00008-scaled.jpeg\" \/>\n\t<meta property=\"og:image:width\" content=\"2560\" \/>\n\t<meta property=\"og:image:height\" content=\"1440\" \/>\n\t<meta property=\"og:image:type\" content=\"image\/jpeg\" \/>\n<meta name=\"twitter:card\" content=\"summary_large_image\" \/>\n<meta name=\"twitter:label1\" content=\"Est. reading time\" \/>\n\t<meta name=\"twitter:data1\" content=\"2 minutes\" \/>\n<script type=\"application\/ld+json\" class=\"yoast-schema-graph\">{\"@context\":\"https:\\\/\\\/schema.org\",\"@graph\":[{\"@type\":\"WebPage\",\"@id\":\"https:\\\/\\\/wittnercollectiblecars.com\\\/ennstal-classic-2024\\\/\",\"url\":\"https:\\\/\\\/wittnercollectiblecars.com\\\/ennstal-classic-2024\\\/\",\"name\":\"Ennstal Classic 2024 | Collectible Cars Wittner\",\"isPartOf\":{\"@id\":\"https:\\\/\\\/wittnercollectiblecars.com\\\/#website\"},\"primaryImageOfPage\":{\"@id\":\"https:\\\/\\\/wittnercollectiblecars.com\\\/ennstal-classic-2024\\\/#primaryimage\"},\"image\":{\"@id\":\"https:\\\/\\\/wittnercollectiblecars.com\\\/ennstal-classic-2024\\\/#primaryimage\"},\"thumbnailUrl\":\"https:\\\/\\\/wittnercollectiblecars.com\\\/wp-content\\\/uploads\\\/2024\\\/10\\\/image00008-1024x576.jpeg\",\"datePublished\":\"2024-10-20T11:58:51+00:00\",\"dateModified\":\"2024-10-20T12:08:03+00:00\",\"breadcrumb\":{\"@id\":\"https:\\\/\\\/wittnercollectiblecars.com\\\/ennstal-classic-2024\\\/#breadcrumb\"},\"inLanguage\":\"en-US\",\"potentialAction\":[{\"@type\":\"ReadAction\",\"target\":[\"https:\\\/\\\/wittnercollectiblecars.com\\\/ennstal-classic-2024\\\/\"]}]},{\"@type\":\"ImageObject\",\"inLanguage\":\"en-US\",\"@id\":\"https:\\\/\\\/wittnercollectiblecars.com\\\/ennstal-classic-2024\\\/#primaryimage\",\"url\":\"https:\\\/\\\/wittnercollectiblecars.com\\\/wp-content\\\/uploads\\\/2024\\\/10\\\/image00008-1024x576.jpeg\",\"contentUrl\":\"https:\\\/\\\/wittnercollectiblecars.com\\\/wp-content\\\/uploads\\\/2024\\\/10\\\/image00008-1024x576.jpeg\"},{\"@type\":\"BreadcrumbList\",\"@id\":\"https:\\\/\\\/wittnercollectiblecars.com\\\/ennstal-classic-2024\\\/#breadcrumb\",\"itemListElement\":[{\"@type\":\"ListItem\",\"position\":1,\"name\":\"Startseite\",\"item\":\"https:\\\/\\\/wittnercollectiblecars.com\\\/\"},{\"@type\":\"ListItem\",\"position\":2,\"name\":\"Ennstal Classic 2024\"}]},{\"@type\":\"WebSite\",\"@id\":\"https:\\\/\\\/wittnercollectiblecars.com\\\/#website\",\"url\":\"https:\\\/\\\/wittnercollectiblecars.com\\\/\",\"name\":\"Collectible Cars Wittner\",\"description\":\"\",\"publisher\":{\"@id\":\"https:\\\/\\\/wittnercollectiblecars.com\\\/#organization\"},\"alternateName\":\"Franz Wittner GmbH\",\"potentialAction\":[{\"@type\":\"SearchAction\",\"target\":{\"@type\":\"EntryPoint\",\"urlTemplate\":\"https:\\\/\\\/wittnercollectiblecars.com\\\/?s={search_term_string}\"},\"query-input\":{\"@type\":\"PropertyValueSpecification\",\"valueRequired\":true,\"valueName\":\"search_term_string\"}}],\"inLanguage\":\"en-US\"},{\"@type\":\"Organization\",\"@id\":\"https:\\\/\\\/wittnercollectiblecars.com\\\/#organization\",\"name\":\"Collectible Cars Wittner\",\"alternateName\":\"Franz Wittner GmbH\",\"url\":\"https:\\\/\\\/wittnercollectiblecars.com\\\/\",\"logo\":{\"@type\":\"ImageObject\",\"inLanguage\":\"en-US\",\"@id\":\"https:\\\/\\\/wittnercollectiblecars.com\\\/#\\\/schema\\\/logo\\\/image\\\/\",\"url\":\"https:\\\/\\\/wittnercollectiblecars.com\\\/wp-content\\\/uploads\\\/2024\\\/08\\\/Wittner-1.png\",\"contentUrl\":\"https:\\\/\\\/wittnercollectiblecars.com\\\/wp-content\\\/uploads\\\/2024\\\/08\\\/Wittner-1.png\",\"width\":500,\"height\":500,\"caption\":\"Collectible Cars Wittner\"},\"image\":{\"@id\":\"https:\\\/\\\/wittnercollectiblecars.com\\\/#\\\/schema\\\/logo\\\/image\\\/\"},\"sameAs\":[\"https:\\\/\\\/www.facebook.com\\\/search\\\/top?q=partscollectionwittner&locale=de_DE\",\"https:\\\/\\\/www.instagram.com\\\/partscollection\\\/\",\"https:\\\/\\\/www.linkedin.com\\\/in\\\/franz-wittner-61069770\\\/\",\"https:\\\/\\\/www.youtube.com\\\/@CollectibleCarsWittner\",\"https:\\\/\\\/www.classic-trader.com\\\/at\\\/haendler\\\/franz-wittner-gmbh\\\/99892\"]}]}<\/script>\n<!-- \/ Yoast SEO plugin. -->","yoast_head_json":{"title":"Ennstal Classic 2024 | Collectible Cars Wittner","robots":{"index":"index","follow":"follow","max-snippet":"max-snippet:-1","max-image-preview":"max-image-preview:large","max-video-preview":"max-video-preview:-1"},"canonical":"https:\/\/wittnercollectiblecars.com\/en\/ennstal-classic-2024\/","og_locale":"en_US","og_type":"article","og_title":"Ennstal Classic 2024 | Collectible Cars Wittner","og_description":"Sehr geehrte Kundinnen und Kunden,liebe Freundinnen und Freunde, Im Juli war\u00a0Collectible Cars Wittner\u00a0erneut bei der\u00a0Ennstal Classic 2024\u00a0vertreten. Unser Familienteam, bestehend aus meiner Tochter Isabella und meinem Sohn Maximilian, trat mit einem Porsche 911 S, Baujahr 1970, an.\u00a0Martin Utberg\u00a0und ich selbst hatten das Vergn\u00fcgen mit meinem Mercedes 220 durch die malerische Landschaft des\u00a0Ennstals\u00a0zu fahren. Dabei entstand &hellip; Read more \"Ennstal Classic 2024\"","og_url":"https:\/\/wittnercollectiblecars.com\/en\/ennstal-classic-2024\/","og_site_name":"Collectible Cars Wittner","article_publisher":"https:\/\/www.facebook.com\/search\/top?q=partscollectionwittner&locale=de_DE","article_modified_time":"2024-10-20T12:08:03+00:00","og_image":[{"width":2560,"height":1440,"url":"https:\/\/wittnercollectiblecars.com\/wp-content\/uploads\/2024\/10\/image00008-scaled.jpeg","type":"image\/jpeg"}],"twitter_card":"summary_large_image","twitter_misc":{"Est. reading time":"2 minutes"},"schema":{"@context":"https:\/\/schema.org","@graph":[{"@type":"WebPage","@id":"https:\/\/wittnercollectiblecars.com\/ennstal-classic-2024\/","url":"https:\/\/wittnercollectiblecars.com\/ennstal-classic-2024\/","name":"Ennstal Classic 2024 | Collectible Cars Wittner","isPartOf":{"@id":"https:\/\/wittnercollectiblecars.com\/#website"},"primaryImageOfPage":{"@id":"https:\/\/wittnercollectiblecars.com\/ennstal-classic-2024\/#primaryimage"},"image":{"@id":"https:\/\/wittnercollectiblecars.com\/ennstal-classic-2024\/#primaryimage"},"thumbnailUrl":"https:\/\/wittnercollectiblecars.com\/wp-content\/uploads\/2024\/10\/image00008-1024x576.jpeg","datePublished":"2024-10-20T11:58:51+00:00","dateModified":"2024-10-20T12:08:03+00:00","breadcrumb":{"@id":"https:\/\/wittnercollectiblecars.com\/ennstal-classic-2024\/#breadcrumb"},"inLanguage":"en-US","potentialAction":[{"@type":"ReadAction","target":["https:\/\/wittnercollectiblecars.com\/ennstal-classic-2024\/"]}]},{"@type":"ImageObject","inLanguage":"en-US","@id":"https:\/\/wittnercollectiblecars.com\/ennstal-classic-2024\/#primaryimage","url":"https:\/\/wittnercollectiblecars.com\/wp-content\/uploads\/2024\/10\/image00008-1024x576.jpeg","contentUrl":"https:\/\/wittnercollectiblecars.com\/wp-content\/uploads\/2024\/10\/image00008-1024x576.jpeg"},{"@type":"BreadcrumbList","@id":"https:\/\/wittnercollectiblecars.com\/ennstal-classic-2024\/#breadcrumb","itemListElement":[{"@type":"ListItem","position":1,"name":"Startseite","item":"https:\/\/wittnercollectiblecars.com\/"},{"@type":"ListItem","position":2,"name":"Ennstal Classic 2024"}]},{"@type":"WebSite","@id":"https:\/\/wittnercollectiblecars.com\/#website","url":"https:\/\/wittnercollectiblecars.com\/","name":"Collectible Cars Wittner","description":"","publisher":{"@id":"https:\/\/wittnercollectiblecars.com\/#organization"},"alternateName":"Franz Wittner GmbH","potentialAction":[{"@type":"SearchAction","target":{"@type":"EntryPoint","urlTemplate":"https:\/\/wittnercollectiblecars.com\/?s={search_term_string}"},"query-input":{"@type":"PropertyValueSpecification","valueRequired":true,"valueName":"search_term_string"}}],"inLanguage":"en-US"},{"@type":"Organization","@id":"https:\/\/wittnercollectiblecars.com\/#organization","name":"Collectible Cars Wittner","alternateName":"Franz Wittner GmbH","url":"https:\/\/wittnercollectiblecars.com\/","logo":{"@type":"ImageObject","inLanguage":"en-US","@id":"https:\/\/wittnercollectiblecars.com\/#\/schema\/logo\/image\/","url":"https:\/\/wittnercollectiblecars.com\/wp-content\/uploads\/2024\/08\/Wittner-1.png","contentUrl":"https:\/\/wittnercollectiblecars.com\/wp-content\/uploads\/2024\/08\/Wittner-1.png","width":500,"height":500,"caption":"Collectible Cars Wittner"},"image":{"@id":"https:\/\/wittnercollectiblecars.com\/#\/schema\/logo\/image\/"},"sameAs":["https:\/\/www.facebook.com\/search\/top?q=partscollectionwittner&locale=de_DE","https:\/\/www.instagram.com\/partscollection\/","https:\/\/www.linkedin.com\/in\/franz-wittner-61069770\/","https:\/\/www.youtube.com\/@CollectibleCarsWittner","https:\/\/www.classic-trader.com\/at\/haendler\/franz-wittner-gmbh\/99892"]}]}},"_links":{"self":[{"href":"https:\/\/wittnercollectiblecars.com\/en\/wp-json\/wp\/v2\/pages\/2470","targetHints":{"allow":["GET"]}}],"collection":[{"href":"https:\/\/wittnercollectiblecars.com\/en\/wp-json\/wp\/v2\/pages"}],"about":[{"href":"https:\/\/wittnercollectiblecars.com\/en\/wp-json\/wp\/v2\/types\/page"}],"author":[{"embeddable":true,"href":"https:\/\/wittnercollectiblecars.com\/en\/wp-json\/wp\/v2\/users\/1"}],"replies":[{"embeddable":true,"href":"https:\/\/wittnercollectiblecars.com\/en\/wp-json\/wp\/v2\/comments?post=2470"}],"version-history":[{"count":7,"href":"https:\/\/wittnercollectiblecars.com\/en\/wp-json\/wp\/v2\/pages\/2470\/revisions"}],"predecessor-version":[{"id":2480,"href":"https:\/\/wittnercollectiblecars.com\/en\/wp-json\/wp\/v2\/pages\/2470\/revisions\/2480"}],"wp:attachment":[{"href":"https:\/\/wittnercollectiblecars.com\/en\/wp-json\/wp\/v2\/media?parent=2470"}],"curies":[{"name":"wp","href":"https:\/\/api.w.org\/{rel}","templated":true}]}}